{"id":3422,"date":"2022-11-07T10:29:00","date_gmt":"2022-11-07T10:29:00","guid":{"rendered":"https:\/\/www.paolonani.com\/?page_id=3422"},"modified":"2025-01-18T06:56:21","modified_gmt":"2025-01-18T06:56:21","slug":"fridas-wonderful-journey","status":"publish","type":"page","link":"https:\/\/www.paolonani.com\/it\/fridas-wonderful-journey\/","title":{"rendered":"Frida&#8217;s incredible journey"},"content":{"rendered":"<div data-elementor-type=\"wp-page\" data-elementor-id=\"3422\" class=\"elementor elementor-3422\" data-elementor-post-type=\"page\">\n\t\t\t\t\t\t<section class=\"elementor-section elementor-top-section elementor-element elementor-element-660bd20 elementor-section-boxed elementor-section-height-default elementor-section-height-default\" data-id=\"660bd20\" data-element_type=\"section\" data-e-type=\"section\" data-settings=\"{&quot;background_background&quot;:&quot;classic&quot;}\">\n\t\t\t\t\t\t<div class=\"elementor-container elementor-column-gap-default\">\n\t\t\t\t\t<div class=\"elementor-column elementor-col-50 elementor-top-column elementor-element elementor-element-e3233c5\" data-id=\"e3233c5\" data-element_type=\"column\" data-e-type=\"column\">\n\t\t\t<div class=\"elementor-widget-wrap elementor-element-populated\">\n\t\t\t\t\t\t<div class=\"elementor-element elementor-element-7149ae4 elementor-widget elementor-widget-heading\" data-id=\"7149ae4\" data-element_type=\"widget\" data-e-type=\"widget\" data-widget_type=\"heading.default\">\n\t\t\t\t<div class=\"elementor-widget-container\">\n\t\t\t\t\t<h2 class=\"elementor-heading-title elementor-size-default\">L'incredibile viaggio di Frida<\/h2>\t\t\t\t<\/div>\n\t\t\t\t<\/div>\n\t\t\t\t<section class=\"elementor-section elementor-inner-section elementor-element elementor-element-15a30f2 elementor-section-content-middle elementor-section-boxed elementor-section-height-default elementor-section-height-default\" data-id=\"15a30f2\" data-element_type=\"section\" data-e-type=\"section\">\n\t\t\t\t\t\t<div class=\"elementor-container elementor-column-gap-default\">\n\t\t\t\t\t<div class=\"elementor-column elementor-col-100 elementor-inner-column elementor-element elementor-element-7d56d5a\" data-id=\"7d56d5a\" data-element_type=\"column\" data-e-type=\"column\">\n\t\t\t<div class=\"elementor-widget-wrap elementor-element-populated\">\n\t\t\t\t\t\t<div class=\"elementor-element elementor-element-6e39aaa elementor-widget elementor-widget-text-editor\" data-id=\"6e39aaa\" data-element_type=\"widget\" data-e-type=\"widget\" data-widget_type=\"text-editor.default\">\n\t\t\t\t<div class=\"elementor-widget-container\">\n\t\t\t\t\t\t\t\t\t<p>Sul palco: Clara Luna M. Nani<\/p><p>Concetto: Clara Luna M. Nani \/ Frede Gulbrandsen \/ Paolo Nani<\/p><p>Regia: Frede Gulbrandsen \/ Paolo Nani<\/p><p>Disegno Luci e consulente per la scenografia: Per Aagaard<\/p><p>Costumi: Ane Katrine Kj\u00e6r e Tania Bovin<\/p><p>Suono: Jonas Krogh<\/p><p>Musiche originali: Oliver Nani<\/p>\t\t\t\t\t\t\t\t<\/div>\n\t\t\t\t<\/div>\n\t\t\t\t<div class=\"elementor-element elementor-element-2b20d25 elementor-absolute elementor-hidden-tablet elementor-hidden-mobile elementor-widget elementor-widget-text-editor\" data-id=\"2b20d25\" data-element_type=\"widget\" data-e-type=\"widget\" data-settings=\"{&quot;_position&quot;:&quot;absolute&quot;}\" data-widget_type=\"text-editor.default\">\n\t\t\t\t<div class=\"elementor-widget-container\">\n\t\t\t\t\t<style>.elementor-element-2b20d25{display:none !important}<\/style>\t\t\t\t<\/div>\n\t\t\t\t<\/div>\n\t\t\t\t\t<\/div>\n\t\t<\/div>\n\t\t\t\t\t<\/div>\n\t\t<\/section>\n\t\t\t\t<section class=\"elementor-section elementor-inner-section elementor-element elementor-element-c214be2 elementor-section-boxed elementor-section-height-default elementor-section-height-default\" data-id=\"c214be2\" data-element_type=\"section\" data-e-type=\"section\">\n\t\t\t\t\t\t<div class=\"elementor-container elementor-column-gap-default\">\n\t\t\t\t\t<div class=\"elementor-column elementor-col-100 elementor-inner-column elementor-element elementor-element-1132e49\" data-id=\"1132e49\" data-element_type=\"column\" data-e-type=\"column\">\n\t\t\t<div class=\"elementor-widget-wrap elementor-element-populated\">\n\t\t\t\t\t\t<div class=\"elementor-element elementor-element-4aa1ca8 elementor-widget elementor-widget-text-editor\" data-id=\"4aa1ca8\" data-element_type=\"widget\" data-e-type=\"widget\" data-widget_type=\"text-editor.default\">\n\t\t\t\t<div class=\"elementor-widget-container\">\n\t\t\t\t\t\t\t\t\t<p>Una mattina, quando Frida si sveglia ed esce dal cappotto in cui vive, riceve misteriosamente una lettera. \u00c8 del suo migliore amico Carlos, che molto tempo fa si \u00e8 trasferito in un paese straniero dall'altra parte del mondo.<span class=\"Apple-converted-space\">\u00a0<\/span><\/p><p>Ora la invita a fargli visita.<span class=\"Apple-converted-space\">\u00a0<\/span><\/p><p>Frida prepara subito la sua gallina, il suo gatto, la sua valigia molto speciale e parte. Tuttavia, si riveler\u00e0 che il viaggio sar\u00e0 pi\u00f9 impegnativo, pi\u00f9 difficile, pieno di sorprese - ma anche molto pi\u00f9 magico del previsto.<\/p>\t\t\t\t\t\t\t\t<\/div>\n\t\t\t\t<\/div>\n\t\t\t\t\t<\/div>\n\t\t<\/div>\n\t\t\t\t\t<\/div>\n\t\t<\/section>\n\t\t\t\t<section class=\"elementor-section elementor-inner-section elementor-element elementor-element-890b0a9 elementor-section-boxed elementor-section-height-default elementor-section-height-default\" data-id=\"890b0a9\" data-element_type=\"section\" data-e-type=\"section\">\n\t\t\t\t\t\t<div class=\"elementor-container elementor-column-gap-default\">\n\t\t\t\t\t<div class=\"elementor-column elementor-col-100 elementor-inner-column elementor-element elementor-element-89d871e\" data-id=\"89d871e\" data-element_type=\"column\" data-e-type=\"column\">\n\t\t\t<div class=\"elementor-widget-wrap elementor-element-populated\">\n\t\t\t\t\t\t<div class=\"elementor-element elementor-element-cbdcce9 elementor-align-center elementor-widget elementor-widget-button\" data-id=\"cbdcce9\" data-element_type=\"widget\" data-e-type=\"widget\" data-widget_type=\"button.default\">\n\t\t\t\t<div class=\"elementor-widget-container\">\n\t\t\t\t\t\t\t\t\t<div class=\"elementor-button-wrapper\">\n\t\t\t\t\t<a class=\"elementor-button elementor-button-link elementor-size-sm elementor-animation-grow\" href=\"https:\/\/vimeo.com\/756671749\/3d5227304d\">\n\t\t\t\t\t\t<span class=\"elementor-button-content-wrapper\">\n\t\t\t\t\t\t\t\t\t<span class=\"elementor-button-text\">GUARDA IL TRAILER<\/span>\n\t\t\t\t\t<\/span>\n\t\t\t\t\t<\/a>\n\t\t\t\t<\/div>\n\t\t\t\t\t\t\t\t<\/div>\n\t\t\t\t<\/div>\n\t\t\t\t\t<\/div>\n\t\t<\/div>\n\t\t\t\t\t<\/div>\n\t\t<\/section>\n\t\t\t\t\t<\/div>\n\t\t<\/div>\n\t\t\t\t<div class=\"elementor-column elementor-col-50 elementor-top-column elementor-element elementor-element-4b7d14c\" data-id=\"4b7d14c\" data-element_type=\"column\" data-e-type=\"column\">\n\t\t\t<div class=\"elementor-widget-wrap elementor-element-populated\">\n\t\t\t\t\t\t<div class=\"elementor-element elementor-element-a07d30e elementor-widget elementor-widget-image\" data-id=\"a07d30e\" data-element_type=\"widget\" data-e-type=\"widget\" data-widget_type=\"image.default\">\n\t\t\t\t<div class=\"elementor-widget-container\">\n\t\t\t\t\t\t\t\t\t\t\t\t\t\t\t<img fetchpriority=\"high\" decoding=\"async\" width=\"682\" height=\"1024\" src=\"https:\/\/i0.wp.com\/www.paolonani.com\/wp-content\/uploads\/2022\/11\/frida1.jpeg?fit=682%2C1024&amp;ssl=1\" class=\"attachment-large size-large wp-image-3424\" alt=\"\" srcset=\"https:\/\/i0.wp.com\/www.paolonani.com\/wp-content\/uploads\/2022\/11\/frida1.jpeg?w=1066&amp;ssl=1 1066w, https:\/\/i0.wp.com\/www.paolonani.com\/wp-content\/uploads\/2022\/11\/frida1.jpeg?resize=200%2C300&amp;ssl=1 200w, https:\/\/i0.wp.com\/www.paolonani.com\/wp-content\/uploads\/2022\/11\/frida1.jpeg?resize=682%2C1024&amp;ssl=1 682w, https:\/\/i0.wp.com\/www.paolonani.com\/wp-content\/uploads\/2022\/11\/frida1.jpeg?resize=768%2C1153&amp;ssl=1 768w, https:\/\/i0.wp.com\/www.paolonani.com\/wp-content\/uploads\/2022\/11\/frida1.jpeg?resize=1023%2C1536&amp;ssl=1 1023w, https:\/\/i0.wp.com\/www.paolonani.com\/wp-content\/uploads\/2022\/11\/frida1.jpeg?resize=8%2C12&amp;ssl=1 8w\" sizes=\"(max-width: 682px) 100vw, 682px\" \/>\t\t\t\t\t\t\t\t\t\t\t\t\t\t\t<\/div>\n\t\t\t\t<\/div>\n\t\t\t\t\t<\/div>\n\t\t<\/div>\n\t\t\t\t\t<\/div>\n\t\t<\/section>\n\t\t\t\t<section class=\"elementor-section elementor-top-section elementor-element elementor-element-55b5dce elementor-section-boxed elementor-section-height-default elementor-section-height-default\" data-id=\"55b5dce\" data-element_type=\"section\" data-e-type=\"section\" data-settings=\"{&quot;background_background&quot;:&quot;classic&quot;}\">\n\t\t\t\t\t\t<div class=\"elementor-container elementor-column-gap-default\">\n\t\t\t\t\t<div class=\"elementor-column elementor-col-100 elementor-top-column elementor-element elementor-element-a20a32b\" data-id=\"a20a32b\" data-element_type=\"column\" data-e-type=\"column\">\n\t\t\t<div class=\"elementor-widget-wrap elementor-element-populated\">\n\t\t\t\t\t\t<section class=\"elementor-section elementor-inner-section elementor-element elementor-element-1c844c7 elementor-section-boxed elementor-section-height-default elementor-section-height-default\" data-id=\"1c844c7\" data-element_type=\"section\" data-e-type=\"section\">\n\t\t\t\t\t\t<div class=\"elementor-container elementor-column-gap-default\">\n\t\t\t\t\t<div class=\"elementor-column elementor-col-50 elementor-inner-column elementor-element elementor-element-71b202f\" data-id=\"71b202f\" data-element_type=\"column\" data-e-type=\"column\">\n\t\t\t<div class=\"elementor-widget-wrap elementor-element-populated\">\n\t\t\t\t\t\t<div class=\"elementor-element elementor-element-bc95474 elementor-widget elementor-widget-image\" data-id=\"bc95474\" data-element_type=\"widget\" data-e-type=\"widget\" data-widget_type=\"image.default\">\n\t\t\t\t<div class=\"elementor-widget-container\">\n\t\t\t\t\t\t\t\t\t\t\t\t\t\t\t<img decoding=\"async\" width=\"800\" height=\"533\" src=\"https:\/\/i0.wp.com\/www.paolonani.com\/wp-content\/uploads\/2022\/11\/frida2.jpeg?fit=800%2C533&amp;ssl=1\" class=\"attachment-large size-large wp-image-3425\" alt=\"\" srcset=\"https:\/\/i0.wp.com\/www.paolonani.com\/wp-content\/uploads\/2022\/11\/frida2.jpeg?w=1600&amp;ssl=1 1600w, https:\/\/i0.wp.com\/www.paolonani.com\/wp-content\/uploads\/2022\/11\/frida2.jpeg?resize=300%2C200&amp;ssl=1 300w, https:\/\/i0.wp.com\/www.paolonani.com\/wp-content\/uploads\/2022\/11\/frida2.jpeg?resize=1024%2C682&amp;ssl=1 1024w, https:\/\/i0.wp.com\/www.paolonani.com\/wp-content\/uploads\/2022\/11\/frida2.jpeg?resize=768%2C512&amp;ssl=1 768w, https:\/\/i0.wp.com\/www.paolonani.com\/wp-content\/uploads\/2022\/11\/frida2.jpeg?resize=1536%2C1023&amp;ssl=1 1536w, https:\/\/i0.wp.com\/www.paolonani.com\/wp-content\/uploads\/2022\/11\/frida2.jpeg?resize=18%2C12&amp;ssl=1 18w\" sizes=\"(max-width: 800px) 100vw, 800px\" \/>\t\t\t\t\t\t\t\t\t\t\t\t\t\t\t<\/div>\n\t\t\t\t<\/div>\n\t\t\t\t\t<\/div>\n\t\t<\/div>\n\t\t\t\t<div class=\"elementor-column elementor-col-50 elementor-inner-column elementor-element elementor-element-1ad88f9\" data-id=\"1ad88f9\" data-element_type=\"column\" data-e-type=\"column\">\n\t\t\t<div class=\"elementor-widget-wrap elementor-element-populated\">\n\t\t\t\t\t\t<div class=\"elementor-element elementor-element-0a7412b elementor-widget elementor-widget-text-editor\" data-id=\"0a7412b\" data-element_type=\"widget\" data-e-type=\"widget\" data-widget_type=\"text-editor.default\">\n\t\t\t\t<div class=\"elementor-widget-container\">\n\t\t\t\t\t\t\t\t\t<p><i>L'incredibile viaggio di Frida<\/i> \u00e8 una storia giocosa, realizzata in maniera completamente artigianale, sul potere dell'amicizia, veicolata attraverso l'universo visivo muto e colorato che caratterizza il teatro di Paolo Nani.<\/p>\t\t\t\t\t\t\t\t<\/div>\n\t\t\t\t<\/div>\n\t\t\t\t\t<\/div>\n\t\t<\/div>\n\t\t\t\t\t<\/div>\n\t\t<\/section>\n\t\t\t\t\t<\/div>\n\t\t<\/div>\n\t\t\t\t\t<\/div>\n\t\t<\/section>\n\t\t\t\t<\/div>","protected":false},"excerpt":{"rendered":"<p>Frida&#8217;s incredible journey On stage: Clara Luna M. Nani Concept: Clara Luna M. Nani \/ Frede Gulbrandsen \/ Paolo Nani Direction: Frede Gulbrandsen \/ Paolo Nani Light design and Scenographic consultant: Per Aagaard Costumes: Ane Katrine Kj\u00e6r &amp; Tania Bovin Sound design: Jonas Krogh Original music: Oliver Nani Forestillingen er Refusionsgodkendt One morning when Frida [&hellip;]<\/p>\n","protected":false},"author":1,"featured_media":0,"parent":0,"menu_order":0,"comment_status":"closed","ping_status":"closed","template":"","meta":{"nf_dc_page":"","om_disable_all_campaigns":false,"_monsterinsights_skip_tracking":false,"_monsterinsights_sitenote_active":false,"_monsterinsights_sitenote_note":"","_monsterinsights_sitenote_category":0,"footnotes":""},"class_list":["post-3422","page","type-page","status-publish","hentry"],"jetpack_sharing_enabled":true,"_links":{"self":[{"href":"https:\/\/www.paolonani.com\/it\/wp-json\/wp\/v2\/pages\/3422","targetHints":{"allow":["GET"]}}],"collection":[{"href":"https:\/\/www.paolonani.com\/it\/wp-json\/wp\/v2\/pages"}],"about":[{"href":"https:\/\/www.paolonani.com\/it\/wp-json\/wp\/v2\/types\/page"}],"author":[{"embeddable":true,"href":"https:\/\/www.paolonani.com\/it\/wp-json\/wp\/v2\/users\/1"}],"replies":[{"embeddable":true,"href":"https:\/\/www.paolonani.com\/it\/wp-json\/wp\/v2\/comments?post=3422"}],"version-history":[{"count":11,"href":"https:\/\/www.paolonani.com\/it\/wp-json\/wp\/v2\/pages\/3422\/revisions"}],"predecessor-version":[{"id":5670,"href":"https:\/\/www.paolonani.com\/it\/wp-json\/wp\/v2\/pages\/3422\/revisions\/5670"}],"wp:attachment":[{"href":"https:\/\/www.paolonani.com\/it\/wp-json\/wp\/v2\/media?parent=3422"}],"curies":[{"name":"wp","href":"https:\/\/api.w.org\/{rel}","templated":true}]}}