{"id":1804,"date":"2021-12-02T18:34:18","date_gmt":"2021-12-02T18:34:18","guid":{"rendered":"https:\/\/www.paolonani.com\/?page_id=1804"},"modified":"2025-11-20T08:52:58","modified_gmt":"2025-11-20T08:52:58","slug":"la-lettera","status":"publish","type":"page","link":"https:\/\/www.paolonani.com\/it\/la-lettera\/","title":{"rendered":"The letter"},"content":{"rendered":"<div data-elementor-type=\"wp-page\" data-elementor-id=\"1804\" class=\"elementor elementor-1804\" data-elementor-post-type=\"page\">\n\t\t\t\t\t\t<section class=\"elementor-section elementor-top-section elementor-element elementor-element-e003fa0 elementor-section-boxed elementor-section-height-default elementor-section-height-default\" data-id=\"e003fa0\" data-element_type=\"section\" data-e-type=\"section\" data-settings=\"{&quot;background_background&quot;:&quot;classic&quot;}\">\n\t\t\t\t\t\t<div class=\"elementor-container elementor-column-gap-default\">\n\t\t\t\t\t<div class=\"elementor-column elementor-col-50 elementor-top-column elementor-element elementor-element-dc78dde\" data-id=\"dc78dde\" data-element_type=\"column\" data-e-type=\"column\">\n\t\t\t<div class=\"elementor-widget-wrap elementor-element-populated\">\n\t\t\t\t\t\t<div class=\"elementor-element elementor-element-4b47d1d elementor-widget elementor-widget-heading\" data-id=\"4b47d1d\" data-element_type=\"widget\" data-e-type=\"widget\" data-widget_type=\"heading.default\">\n\t\t\t\t<div class=\"elementor-widget-container\">\n\t\t\t\t\t<h2 class=\"elementor-heading-title elementor-size-default\">LA LETTERA<\/h2>\t\t\t\t<\/div>\n\t\t\t\t<\/div>\n\t\t\t\t<section class=\"elementor-section elementor-inner-section elementor-element elementor-element-dae55cb elementor-section-content-middle elementor-section-boxed elementor-section-height-default elementor-section-height-default\" data-id=\"dae55cb\" data-element_type=\"section\" data-e-type=\"section\">\n\t\t\t\t\t\t<div class=\"elementor-container elementor-column-gap-default\">\n\t\t\t\t\t<div class=\"elementor-column elementor-col-100 elementor-inner-column elementor-element elementor-element-d7648f0\" data-id=\"d7648f0\" data-element_type=\"column\" data-e-type=\"column\">\n\t\t\t<div class=\"elementor-widget-wrap elementor-element-populated\">\n\t\t\t\t\t\t<div class=\"elementor-element elementor-element-30eae12 elementor-widget elementor-widget-text-editor\" data-id=\"30eae12\" data-element_type=\"widget\" data-e-type=\"widget\" data-widget_type=\"text-editor.default\">\n\t\t\t\t<div class=\"elementor-widget-container\">\n\t\t\t\t\t\t\t\t\t<p class=\"Standard\">Concept: Paolo Nani \/ Nullo Facchini<\/p><p class=\"Standard\">Attore: Paolo Nani<\/p><p class=\"Standard\">Regia: Nullo Facchini<\/p>\t\t\t\t\t\t\t\t<\/div>\n\t\t\t\t<\/div>\n\t\t\t\t\t<\/div>\n\t\t<\/div>\n\t\t\t\t\t<\/div>\n\t\t<\/section>\n\t\t\t\t<section class=\"elementor-section elementor-inner-section elementor-element elementor-element-5219950 elementor-section-boxed elementor-section-height-default elementor-section-height-default\" data-id=\"5219950\" data-element_type=\"section\" data-e-type=\"section\">\n\t\t\t\t\t\t<div class=\"elementor-container elementor-column-gap-default\">\n\t\t\t\t\t<div class=\"elementor-column elementor-col-100 elementor-inner-column elementor-element elementor-element-de4eeeb\" data-id=\"de4eeeb\" data-element_type=\"column\" data-e-type=\"column\">\n\t\t\t<div class=\"elementor-widget-wrap elementor-element-populated\">\n\t\t\t\t\t\t<div class=\"elementor-element elementor-element-f3c3973 elementor-widget elementor-widget-text-editor\" data-id=\"f3c3973\" data-element_type=\"widget\" data-e-type=\"widget\" data-widget_type=\"text-editor.default\">\n\t\t\t\t<div class=\"elementor-widget-container\">\n\t\t\t\t\t\t\t\t\t<p>La Lettera \u00e8 forse lo spettacolo danese pi\u00f9 conosciuto a livello internazionale. Dal suo debutto nel 1992, questo spettacolo \u00e8 stato presentato nei quattro angoli del mondo. Lo hanno visto in Groenlandia e in Cina, in Spagna, Norvegia, Finlandia, Italia, Brasile e Giappone... pi\u00f9 di 1600 repliche in 44 Paesi, fin ora.<\/p><p>Si tratta dello spettacolo pi\u00f9 conosciuto di Paolo Nani. Gi\u00e0 riconosciuto come un classico, che continua ad attrarre spettatori di tutte le et\u00e0.<br \/>Solo sul palcoscenico, con pochi oggetti che possono stare tutti in una valigia, Paolo Nani da vita a 15 scene, variazioni di un unico tema, ma mostrate in 15 diverse varianti. La stessa storia \u00e8 rappresentata all'indietro, con sorprese, in maniera volgare, senza mani, come in un film western, in un horror, in modalit\u00e0 circense, ecc... e tutto questo senza dire una singola parola.<\/p><p>LA LETTERA \u00e8 uno studio brillante sullo stile, sull'inventiva e sul ritmo scenico. \u00c8 ricco di dettagli e gags dall'inizio alla fine e non concede riposo ai muscoli della risata.<\/p>\t\t\t\t\t\t\t\t<\/div>\n\t\t\t\t<\/div>\n\t\t\t\t\t<\/div>\n\t\t<\/div>\n\t\t\t\t\t<\/div>\n\t\t<\/section>\n\t\t\t\t<section class=\"elementor-section elementor-inner-section elementor-element elementor-element-18b3740 elementor-section-boxed elementor-section-height-default elementor-section-height-default\" data-id=\"18b3740\" data-element_type=\"section\" data-e-type=\"section\">\n\t\t\t\t\t\t<div class=\"elementor-container elementor-column-gap-default\">\n\t\t\t\t\t<div class=\"elementor-column elementor-col-100 elementor-inner-column elementor-element elementor-element-64d21fc\" data-id=\"64d21fc\" data-element_type=\"column\" data-e-type=\"column\">\n\t\t\t<div class=\"elementor-widget-wrap elementor-element-populated\">\n\t\t\t\t\t\t<div class=\"elementor-element elementor-element-c18afed elementor-align-center elementor-widget elementor-widget-button\" data-id=\"c18afed\" data-element_type=\"widget\" data-e-type=\"widget\" data-widget_type=\"button.default\">\n\t\t\t\t<div class=\"elementor-widget-container\">\n\t\t\t\t\t\t\t\t\t<div class=\"elementor-button-wrapper\">\n\t\t\t\t\t<a class=\"elementor-button elementor-button-link elementor-size-sm elementor-animation-grow\" href=\"https:\/\/vimeo.com\/1065813032?share=copy#t=0\">\n\t\t\t\t\t\t<span class=\"elementor-button-content-wrapper\">\n\t\t\t\t\t\t\t\t\t<span class=\"elementor-button-text\">GUARDA IL TRAILER<\/span>\n\t\t\t\t\t<\/span>\n\t\t\t\t\t<\/a>\n\t\t\t\t<\/div>\n\t\t\t\t\t\t\t\t<\/div>\n\t\t\t\t<\/div>\n\t\t\t\t\t<\/div>\n\t\t<\/div>\n\t\t\t\t\t<\/div>\n\t\t<\/section>\n\t\t\t\t\t<\/div>\n\t\t<\/div>\n\t\t\t\t<div class=\"elementor-column elementor-col-50 elementor-top-column elementor-element elementor-element-ac18765\" data-id=\"ac18765\" data-element_type=\"column\" data-e-type=\"column\">\n\t\t\t<div class=\"elementor-widget-wrap elementor-element-populated\">\n\t\t\t\t\t\t<div class=\"elementor-element elementor-element-e4d43d8 elementor-widget elementor-widget-image\" data-id=\"e4d43d8\" data-element_type=\"widget\" data-e-type=\"widget\" data-widget_type=\"image.default\">\n\t\t\t\t<div class=\"elementor-widget-container\">\n\t\t\t\t\t\t\t\t\t\t\t\t\t\t\t<img fetchpriority=\"high\" decoding=\"async\" width=\"617\" height=\"900\" src=\"https:\/\/i0.wp.com\/www.paolonani.com\/wp-content\/uploads\/2022\/11\/nani-vert-1.png?fit=617%2C900&amp;ssl=1\" class=\"attachment-large size-large wp-image-3564\" alt=\"\" srcset=\"https:\/\/i0.wp.com\/www.paolonani.com\/wp-content\/uploads\/2022\/11\/nani-vert-1.png?w=617&amp;ssl=1 617w, https:\/\/i0.wp.com\/www.paolonani.com\/wp-content\/uploads\/2022\/11\/nani-vert-1.png?resize=206%2C300&amp;ssl=1 206w, https:\/\/i0.wp.com\/www.paolonani.com\/wp-content\/uploads\/2022\/11\/nani-vert-1.png?resize=8%2C12&amp;ssl=1 8w\" sizes=\"(max-width: 617px) 100vw, 617px\" \/>\t\t\t\t\t\t\t\t\t\t\t\t\t\t\t<\/div>\n\t\t\t\t<\/div>\n\t\t\t\t\t<\/div>\n\t\t<\/div>\n\t\t\t\t\t<\/div>\n\t\t<\/section>\n\t\t\t\t<section class=\"elementor-section elementor-top-section elementor-element elementor-element-76fea5e elementor-section-boxed elementor-section-height-default elementor-section-height-default\" data-id=\"76fea5e\" data-element_type=\"section\" data-e-type=\"section\" data-settings=\"{&quot;background_background&quot;:&quot;classic&quot;}\">\n\t\t\t\t\t\t<div class=\"elementor-container elementor-column-gap-default\">\n\t\t\t\t\t<div class=\"elementor-column elementor-col-50 elementor-top-column elementor-element elementor-element-8aa317f\" data-id=\"8aa317f\" data-element_type=\"column\" data-e-type=\"column\">\n\t\t\t<div class=\"elementor-widget-wrap elementor-element-populated\">\n\t\t\t\t\t\t<div class=\"elementor-element elementor-element-78e1d1f elementor-widget elementor-widget-image\" data-id=\"78e1d1f\" data-element_type=\"widget\" data-e-type=\"widget\" data-widget_type=\"image.default\">\n\t\t\t\t<div class=\"elementor-widget-container\">\n\t\t\t\t\t\t\t\t\t\t\t\t\t\t\t<img decoding=\"async\" width=\"723\" height=\"1024\" src=\"https:\/\/i0.wp.com\/www.paolonani.com\/wp-content\/uploads\/2022\/11\/nani-vert-2.png?fit=723%2C1024&amp;ssl=1\" class=\"attachment-large size-large wp-image-3565\" alt=\"\" srcset=\"https:\/\/i0.wp.com\/www.paolonani.com\/wp-content\/uploads\/2022\/11\/nani-vert-2.png?w=753&amp;ssl=1 753w, https:\/\/i0.wp.com\/www.paolonani.com\/wp-content\/uploads\/2022\/11\/nani-vert-2.png?resize=212%2C300&amp;ssl=1 212w, https:\/\/i0.wp.com\/www.paolonani.com\/wp-content\/uploads\/2022\/11\/nani-vert-2.png?resize=723%2C1024&amp;ssl=1 723w, https:\/\/i0.wp.com\/www.paolonani.com\/wp-content\/uploads\/2022\/11\/nani-vert-2.png?resize=8%2C12&amp;ssl=1 8w\" sizes=\"(max-width: 723px) 100vw, 723px\" \/>\t\t\t\t\t\t\t\t\t\t\t\t\t\t\t<\/div>\n\t\t\t\t<\/div>\n\t\t\t\t<section class=\"elementor-section elementor-inner-section elementor-element elementor-element-f580e3b elementor-section-boxed elementor-section-height-default elementor-section-height-default\" data-id=\"f580e3b\" data-element_type=\"section\" data-e-type=\"section\">\n\t\t\t\t\t\t<div class=\"elementor-container elementor-column-gap-default\">\n\t\t\t\t\t<div class=\"elementor-column elementor-col-100 elementor-inner-column elementor-element elementor-element-cab7a20\" data-id=\"cab7a20\" data-element_type=\"column\" data-e-type=\"column\">\n\t\t\t<div class=\"elementor-widget-wrap elementor-element-populated\">\n\t\t\t\t\t\t<div class=\"elementor-element elementor-element-bb2c683 elementor-align-center elementor-widget elementor-widget-button\" data-id=\"bb2c683\" data-element_type=\"widget\" data-e-type=\"widget\" data-widget_type=\"button.default\">\n\t\t\t\t<div class=\"elementor-widget-container\">\n\t\t\t\t\t\t\t\t\t<div class=\"elementor-button-wrapper\">\n\t\t\t\t\t<a class=\"elementor-button elementor-button-link elementor-size-sm elementor-animation-grow\" href=\"https:\/\/vimeo.com\/1065813032?share=copy#t=0\">\n\t\t\t\t\t\t<span class=\"elementor-button-content-wrapper\">\n\t\t\t\t\t\t\t\t\t<span class=\"elementor-button-text\">GUARDA IL TRAILER<\/span>\n\t\t\t\t\t<\/span>\n\t\t\t\t\t<\/a>\n\t\t\t\t<\/div>\n\t\t\t\t\t\t\t\t<\/div>\n\t\t\t\t<\/div>\n\t\t\t\t\t<\/div>\n\t\t<\/div>\n\t\t\t\t\t<\/div>\n\t\t<\/section>\n\t\t\t\t\t<\/div>\n\t\t<\/div>\n\t\t\t\t<div class=\"elementor-column elementor-col-50 elementor-top-column elementor-element elementor-element-38fc9c4\" data-id=\"38fc9c4\" data-element_type=\"column\" data-e-type=\"column\">\n\t\t\t<div class=\"elementor-widget-wrap elementor-element-populated\">\n\t\t\t\t\t\t<section class=\"elementor-section elementor-inner-section elementor-element elementor-element-2248a7a elementor-section-boxed elementor-section-height-default elementor-section-height-default\" data-id=\"2248a7a\" data-element_type=\"section\" data-e-type=\"section\">\n\t\t\t\t\t\t<div class=\"elementor-container elementor-column-gap-default\">\n\t\t\t\t\t<div class=\"elementor-column elementor-col-100 elementor-inner-column elementor-element elementor-element-fafe1b1\" data-id=\"fafe1b1\" data-element_type=\"column\" data-e-type=\"column\">\n\t\t\t<div class=\"elementor-widget-wrap elementor-element-populated\">\n\t\t\t\t\t\t<div class=\"elementor-element elementor-element-43a7d57 elementor-widget elementor-widget-text-editor\" data-id=\"43a7d57\" data-element_type=\"widget\" data-e-type=\"widget\" data-widget_type=\"text-editor.default\">\n\t\t\t\t<div class=\"elementor-widget-container\">\n\t\t\t\t\t\t\t\t\t<p>Estratti di alcune recensioni<\/p>\t\t\t\t\t\t\t\t<\/div>\n\t\t\t\t<\/div>\n\t\t\t\t\t<\/div>\n\t\t<\/div>\n\t\t\t\t\t<\/div>\n\t\t<\/section>\n\t\t\t\t<div class=\"elementor-element elementor-element-48ad3ab elementor-widget elementor-widget-text-editor\" data-id=\"48ad3ab\" data-element_type=\"widget\" data-e-type=\"widget\" data-widget_type=\"text-editor.default\">\n\t\t\t\t<div class=\"elementor-widget-container\">\n\t\t\t\t\t\t\t\t\t<div><p><em>\u201cThere are shows that are born, live and die. Others that are born, flourish and consolidate\u00a0their position, and gradually embellish themselves from year to year, from presentation to\u00a0presentation. This is the case of THE LETTER, which Paolo Nani has been presenting around\u00a0the world for more than thirty years\u201d<\/em><\/p><p><b> klpteatro.it &#8211; \u200b\u200bKrapp\u2019s Last Post, Feb. 2014<\/b><\/p><p>&#8212;<\/p><p class=\"Standard\"><em><span lang=\"EN-US\">&#8220;A<\/span><span lang=\"EN-US\"> distillation of mastery, theatrical wisdom, technique and inventiveness. And for once the term CULT is appropriate &#8230;<\/span><span lang=\"RU\">&#8220;<\/span><\/em><\/p><\/div><div><p class=\"Standard\"><b><span lang=\"EN-US\">La Repubblica<\/span><span lang=\"DE\">\u00a0&#8211;\u00a0<\/span><span lang=\"EN-US\">Milan &#8211; December 2012<\/span><\/b><\/p><\/div><div><p>&#8212;<\/p><\/div><div><p class=\"Standard\"><em><span lang=\"DE\">&#8220;A<\/span><\/em><em><span lang=\"EN-US\">\u00a0perfect miracle of precision and talent &#8211; in world tour since 1992 &#8211; is a kind of encyclopedia of comedy.<\/span><span lang=\"DE\">\u201d<\/span><\/em><\/p><\/div><div><p class=\"Standard\"><b>Live Milano &#8211;\u00a0<span lang=\"DE\">Milan &#8211;\u00a0November 2012<\/span><\/b><\/p><\/div><div><p>&#8212;<\/p><div><p class=\"Standard\"><span lang=\"DE\">\u00a0<em>&#8220;<\/em><\/span><em><span lang=\"EN-US\">Hallmarks of a cult show, no doubt.<\/span><span lang=\"DE\">\u201d\u00a0<\/span><\/em><\/p><\/div><div><p class=\"Standard\"><b><span lang=\"EN-US\">Irish Times &#8211;\u00a0<\/span><span lang=\"EN-US\">Ireland &#8211; July 2007<\/span><\/b><\/p><div><p>&#8212;<\/p><\/div><div><p class=\"Standard\"><span lang=\"DE\">\u00a0<\/span><em><span lang=\"EN-US\">&#8220;So simple, so ingenious.<\/span><span lang=\"DE\">\u201d<\/span><\/em><\/p><\/div><div><p class=\"Standard\"><b><span lang=\"DE\">Porsgrunns Dagblad &#8211;\u00a0<\/span><span lang=\"EN-US\">Norway &#8211; 2004<\/span><\/b><\/p><\/div><\/div><div><p>&#8212;<\/p><\/div><\/div><div><p class=\"Standard\"><span lang=\"DE\">\u00a0<\/span><em><span dir=\"RTL\" lang=\"AR-SA\">\u201c<\/span><span lang=\"DE\">&#8230;\u00a0<\/span><span lang=\"EN-US\">the stomach hurts, after 80 minutes of ceaseless laughter.&#8221;<\/span><\/em><\/p><\/div><div><p class=\"Standard\"><b><span lang=\"DE\">DV &#8211; Reykjavik\u00a0&#8211;\u00a0<\/span><span lang=\"EN-US\">June 2000<\/span><\/b><\/p><\/div><div><p>&#8212;<\/p><\/div><div><p class=\"Standard\"><span lang=\"DE\">\u00a0<\/span><em><span dir=\"RTL\" lang=\"AR-SA\">\u201c<\/span><span lang=\"EN-US\">&#8230;one of the hits of last year&#8217;s London International Mime Festival<\/span><span lang=\"DE\">\u201d<\/span><\/em><\/p><\/div><div><p class=\"Standard\"><b><span lang=\"EN-US\">Evening Standard &#8211;\u00a0<\/span><span lang=\"EN-US\">London &#8211; January 2000<\/span><\/b><\/p><\/div><div><p>&#8212;<\/p><\/div><div><p class=\"Standard\"><em><span lang=\"DE\">\u00a0<\/span><span dir=\"RTL\" lang=\"AR-SA\">\u201c<\/span><span lang=\"EN-US\">Paolo Nani is a virtuoso<\/span><span lang=\"DE\">\u201d<\/span><\/em><\/p><\/div><div><p class=\"Standard\"><b><span lang=\"DE\">Frankfurter Rundschau &#8211;\u00a0<\/span><span lang=\"DE\">Frankfurt &#8211; 1995<\/span><\/b><\/p><\/div><div><p>&#8212;<\/p><\/div><div><p class=\"Standard\"><em><span dir=\"RTL\" lang=\"AR-SA\">\u201c<\/span><span lang=\"EN-US\">Simplicity often bear the hallmark of genius<\/span><span lang=\"DE\">\u201d \u00a0 \u00a0<\/span><\/em><\/p><\/div><div><p class=\"Standard\"><b><span lang=\"SV\">Svenska Dagbladet &#8211;\u00a0<\/span><span lang=\"SV\">Stockholm &#8211; 1999<\/span><\/b><\/p><\/div><div><p>&#8212;<\/p><\/div><div><p class=\"Standard\"><em><span dir=\"RTL\" lang=\"AR-SA\">\u201c<\/span><span lang=\"EN-US\">Paolo Nani, a master of textless theatre.<\/span><span lang=\"DE\">\u201d<\/span><\/em><\/p><\/div><div><p class=\"Standard\"><b><span lang=\"DE\">ABC &#8211;\u00a0<\/span><span lang=\"ES-TRAD\">Madrid &#8211; 1997<\/span><\/b><\/p><\/div>\t\t\t\t\t\t\t\t<\/div>\n\t\t\t\t<\/div>\n\t\t\t\t\t<\/div>\n\t\t<\/div>\n\t\t\t\t\t<\/div>\n\t\t<\/section>\n\t\t\t\t<section class=\"elementor-section elementor-top-section elementor-element elementor-element-4df454b elementor-section-boxed elementor-section-height-default elementor-section-height-default\" data-id=\"4df454b\" data-element_type=\"section\" data-e-type=\"section\" data-settings=\"{&quot;background_background&quot;:&quot;classic&quot;}\">\n\t\t\t\t\t\t<div class=\"elementor-container elementor-column-gap-default\">\n\t\t\t\t\t<div class=\"elementor-column elementor-col-100 elementor-top-column elementor-element elementor-element-66a4a32\" data-id=\"66a4a32\" data-element_type=\"column\" data-e-type=\"column\">\n\t\t\t<div class=\"elementor-widget-wrap elementor-element-populated\">\n\t\t\t\t\t\t<section class=\"elementor-section elementor-inner-section elementor-element elementor-element-2311fec elementor-section-boxed elementor-section-height-default elementor-section-height-default\" data-id=\"2311fec\" data-element_type=\"section\" data-e-type=\"section\">\n\t\t\t\t\t\t<div class=\"elementor-container elementor-column-gap-default\">\n\t\t\t\t\t<div class=\"elementor-column elementor-col-100 elementor-inner-column elementor-element elementor-element-50bfdef\" data-id=\"50bfdef\" data-element_type=\"column\" data-e-type=\"column\">\n\t\t\t<div class=\"elementor-widget-wrap elementor-element-populated\">\n\t\t\t\t\t\t<div class=\"elementor-element elementor-element-9f23771 elementor-widget elementor-widget-image\" data-id=\"9f23771\" data-element_type=\"widget\" data-e-type=\"widget\" data-widget_type=\"image.default\">\n\t\t\t\t<div class=\"elementor-widget-container\">\n\t\t\t\t\t\t\t\t\t\t\t\t\t\t\t<img decoding=\"async\" width=\"1600\" height=\"584\" src=\"https:\/\/i0.wp.com\/www.paolonani.com\/wp-content\/uploads\/2022\/11\/WhatsApp-Image-2022-11-10-at-18.06.39-e1670146836700.jpeg?fit=1600%2C584&amp;ssl=1\" class=\"attachment-full size-full wp-image-3575\" alt=\"\" srcset=\"https:\/\/i0.wp.com\/www.paolonani.com\/wp-content\/uploads\/2022\/11\/WhatsApp-Image-2022-11-10-at-18.06.39-e1670146836700.jpeg?w=1600&amp;ssl=1 1600w, https:\/\/i0.wp.com\/www.paolonani.com\/wp-content\/uploads\/2022\/11\/WhatsApp-Image-2022-11-10-at-18.06.39-e1670146836700.jpeg?resize=300%2C110&amp;ssl=1 300w, https:\/\/i0.wp.com\/www.paolonani.com\/wp-content\/uploads\/2022\/11\/WhatsApp-Image-2022-11-10-at-18.06.39-e1670146836700.jpeg?resize=1024%2C374&amp;ssl=1 1024w, https:\/\/i0.wp.com\/www.paolonani.com\/wp-content\/uploads\/2022\/11\/WhatsApp-Image-2022-11-10-at-18.06.39-e1670146836700.jpeg?resize=768%2C280&amp;ssl=1 768w, https:\/\/i0.wp.com\/www.paolonani.com\/wp-content\/uploads\/2022\/11\/WhatsApp-Image-2022-11-10-at-18.06.39-e1670146836700.jpeg?resize=1536%2C561&amp;ssl=1 1536w, https:\/\/i0.wp.com\/www.paolonani.com\/wp-content\/uploads\/2022\/11\/WhatsApp-Image-2022-11-10-at-18.06.39-e1670146836700.jpeg?resize=18%2C7&amp;ssl=1 18w\" sizes=\"(max-width: 800px) 100vw, 800px\" \/>\t\t\t\t\t\t\t\t\t\t\t\t\t\t\t<\/div>\n\t\t\t\t<\/div>\n\t\t\t\t\t<\/div>\n\t\t<\/div>\n\t\t\t\t\t<\/div>\n\t\t<\/section>\n\t\t\t\t<section class=\"elementor-section elementor-inner-section elementor-element elementor-element-914af8d elementor-section-boxed elementor-section-height-default elementor-section-height-default\" data-id=\"914af8d\" data-element_type=\"section\" data-e-type=\"section\">\n\t\t\t\t\t\t<div class=\"elementor-container elementor-column-gap-default\">\n\t\t\t\t\t<div class=\"elementor-column elementor-col-33 elementor-inner-column elementor-element elementor-element-bae374d\" data-id=\"bae374d\" data-element_type=\"column\" data-e-type=\"column\">\n\t\t\t<div class=\"elementor-widget-wrap elementor-element-populated\">\n\t\t\t\t\t\t<div class=\"elementor-element elementor-element-e9d231f elementor-widget elementor-widget-text-editor\" data-id=\"e9d231f\" data-element_type=\"widget\" data-e-type=\"widget\" data-widget_type=\"text-editor.default\">\n\t\t\t\t<div class=\"elementor-widget-container\">\n\t\t\t\t\t\t\t\t\t<p><b>EDINBURGH FRINGE FESTIVAL &#8211; 2019<\/b><\/p><p><em>\u201cHilarious\u201d \/ \u201cThe Letter is one to check out\u201d \/ \u201cPhysical comedy from an outstanding performer\u201d<\/em><\/p><p><b>TheWeeReview &#8211;<\/b> \u2605\u2605\u2605\u2605\u2605<\/p><p>&#8212;<\/p><p><em>&#8220;MUST SEE SHOW&#8221;<\/em><\/p><p><b>FringeReview\u00a0<\/b><\/p><p>&#8212;<\/p><p><em>\u201cSheer genius\u201d \/ \u201cSublime\u201d<\/em><\/p><p><b>Reviewsphere &#8211; Peter Callaghan<\/b><\/p>\t\t\t\t\t\t\t\t<\/div>\n\t\t\t\t<\/div>\n\t\t\t\t\t<\/div>\n\t\t<\/div>\n\t\t\t\t<div class=\"elementor-column elementor-col-33 elementor-inner-column elementor-element elementor-element-84dc75d\" data-id=\"84dc75d\" data-element_type=\"column\" data-e-type=\"column\">\n\t\t\t<div class=\"elementor-widget-wrap elementor-element-populated\">\n\t\t\t\t\t\t<div class=\"elementor-element elementor-element-e2f2508 elementor-widget elementor-widget-text-editor\" data-id=\"e2f2508\" data-element_type=\"widget\" data-e-type=\"widget\" data-widget_type=\"text-editor.default\">\n\t\t\t\t<div class=\"elementor-widget-container\">\n\t\t\t\t\t\t\t\t\t<p><em>\u201cGenius!\u201d \/ \u201cMeticulously crafted and marvelously performed\u201d<\/em><\/p><p><em>\u201cA master class in clowning\u201d<\/em><\/p><p><b>Sardines Magazine \u2013 Cris Abbot &#8211;<\/b> \u2605\u2605\u2605\u2605\u2605<\/p><p>&#8212;<\/p><p><i>\u201cA crown prince to The Letter\u201d \/ \u201cEndlessly surprising and funny\u201d<\/i><\/p><p><b>The Scotsman <\/b>&#8211; \u2605\u2605\u2605\u2605<\/p>\t\t\t\t\t\t\t\t<\/div>\n\t\t\t\t<\/div>\n\t\t\t\t\t<\/div>\n\t\t<\/div>\n\t\t\t\t<div class=\"elementor-column elementor-col-33 elementor-inner-column elementor-element elementor-element-06366b2\" data-id=\"06366b2\" data-element_type=\"column\" data-e-type=\"column\">\n\t\t\t<div class=\"elementor-widget-wrap elementor-element-populated\">\n\t\t\t\t\t\t<div class=\"elementor-element elementor-element-b47c08f elementor-widget elementor-widget-text-editor\" data-id=\"b47c08f\" data-element_type=\"widget\" data-e-type=\"widget\" data-widget_type=\"text-editor.default\">\n\t\t\t\t<div class=\"elementor-widget-container\">\n\t\t\t\t\t\t\t\t\t<p><i>\u201cHysterically funny and hugely impressive\u201d \/ \u201cMake your way to The Letter post haste\u201d<\/i><\/p><p><b>Scottish Daily Mail &#8211;<\/b> \u2605\u2605\u2605\u2605<\/p><p>&#8212;<\/p><p><i>\u201cAn exceptional work of art and craftsmanship\u201d \/ \u201cOne of the world\u2019s greatest clowns and a show not to be missed\u201d\u00a0<\/i><\/p><p><b>Edinburg Festival Magazine Review &#8211;<\/b> \u2605\u2605\u2605\u2605\u2605<\/p>\t\t\t\t\t\t\t\t<\/div>\n\t\t\t\t<\/div>\n\t\t\t\t\t<\/div>\n\t\t<\/div>\n\t\t\t\t\t<\/div>\n\t\t<\/section>\n\t\t\t\t\t<\/div>\n\t\t<\/div>\n\t\t\t\t\t<\/div>\n\t\t<\/section>\n\t\t\t\t<\/div>","protected":false},"excerpt":{"rendered":"<p>THE LETTER Concept: Paolo Nani \/ Nullo Facchini Actor: Paolo Nani Director: Nullo Facchini THE LETTER is possibly the best-known Danish show on an international level. Since its premiere in 1992, this show has been presented in the four corners of the world. They&#8217;ve seen it in Greenland and China, Spain and Norway, Finland and [&hellip;]<\/p>\n","protected":false},"author":1,"featured_media":0,"parent":0,"menu_order":0,"comment_status":"closed","ping_status":"closed","template":"","meta":{"nf_dc_page":"","om_disable_all_campaigns":false,"_monsterinsights_skip_tracking":false,"_monsterinsights_sitenote_active":false,"_monsterinsights_sitenote_note":"","_monsterinsights_sitenote_category":0,"footnotes":""},"class_list":["post-1804","page","type-page","status-publish","hentry"],"jetpack_sharing_enabled":true,"_links":{"self":[{"href":"https:\/\/www.paolonani.com\/it\/wp-json\/wp\/v2\/pages\/1804","targetHints":{"allow":["GET"]}}],"collection":[{"href":"https:\/\/www.paolonani.com\/it\/wp-json\/wp\/v2\/pages"}],"about":[{"href":"https:\/\/www.paolonani.com\/it\/wp-json\/wp\/v2\/types\/page"}],"author":[{"embeddable":true,"href":"https:\/\/www.paolonani.com\/it\/wp-json\/wp\/v2\/users\/1"}],"replies":[{"embeddable":true,"href":"https:\/\/www.paolonani.com\/it\/wp-json\/wp\/v2\/comments?post=1804"}],"version-history":[{"count":20,"href":"https:\/\/www.paolonani.com\/it\/wp-json\/wp\/v2\/pages\/1804\/revisions"}],"predecessor-version":[{"id":6023,"href":"https:\/\/www.paolonani.com\/it\/wp-json\/wp\/v2\/pages\/1804\/revisions\/6023"}],"wp:attachment":[{"href":"https:\/\/www.paolonani.com\/it\/wp-json\/wp\/v2\/media?parent=1804"}],"curies":[{"name":"wp","href":"https:\/\/api.w.org\/{rel}","templated":true}]}}