{"id":3136,"date":"2022-06-06T14:11:08","date_gmt":"2022-06-06T14:11:08","guid":{"rendered":"https:\/\/www.paolonani.com\/?page_id=3136"},"modified":"2025-02-08T21:08:32","modified_gmt":"2025-02-08T21:08:32","slug":"small-miracles-of-life","status":"publish","type":"page","link":"https:\/\/www.paolonani.com\/da\/small-miracles-of-life\/","title":{"rendered":"Small miracles of life"},"content":{"rendered":"<div data-elementor-type=\"wp-page\" data-elementor-id=\"3136\" class=\"elementor elementor-3136\" data-elementor-post-type=\"page\">\n\t\t\t\t\t\t<section class=\"elementor-section elementor-top-section elementor-element elementor-element-632a22a elementor-section-boxed elementor-section-height-default elementor-section-height-default\" data-id=\"632a22a\" data-element_type=\"section\" data-e-type=\"section\" data-settings=\"{&quot;background_background&quot;:&quot;classic&quot;}\">\n\t\t\t\t\t\t<div class=\"elementor-container elementor-column-gap-default\">\n\t\t\t\t\t<div class=\"elementor-column elementor-col-50 elementor-top-column elementor-element elementor-element-e6677e8\" data-id=\"e6677e8\" data-element_type=\"column\" data-e-type=\"column\">\n\t\t\t<div class=\"elementor-widget-wrap elementor-element-populated\">\n\t\t\t\t\t\t<div class=\"elementor-element elementor-element-4d87cf3 elementor-widget elementor-widget-heading\" data-id=\"4d87cf3\" data-element_type=\"widget\" data-e-type=\"widget\" data-widget_type=\"heading.default\">\n\t\t\t\t<div class=\"elementor-widget-container\">\n\t\t\t\t\t<h2 class=\"elementor-heading-title elementor-size-default\">LIVETS SM\u00c5 MIRAKLER<\/h2>\t\t\t\t<\/div>\n\t\t\t\t<\/div>\n\t\t\t\t<section class=\"elementor-section elementor-inner-section elementor-element elementor-element-1fbd915 elementor-section-content-middle elementor-section-boxed elementor-section-height-default elementor-section-height-default\" data-id=\"1fbd915\" data-element_type=\"section\" data-e-type=\"section\">\n\t\t\t\t\t\t<div class=\"elementor-container elementor-column-gap-default\">\n\t\t\t\t\t<div class=\"elementor-column elementor-col-100 elementor-inner-column elementor-element elementor-element-314d380\" data-id=\"314d380\" data-element_type=\"column\" data-e-type=\"column\">\n\t\t\t<div class=\"elementor-widget-wrap elementor-element-populated\">\n\t\t\t\t\t\t<div class=\"elementor-element elementor-element-38f1318 elementor-widget elementor-widget-text-editor\" data-id=\"38f1318\" data-element_type=\"widget\" data-e-type=\"widget\" data-widget_type=\"text-editor.default\">\n\t\t\t\t<div class=\"elementor-widget-container\">\n\t\t\t\t\t\t\t\t\t<p>En co-produktion: Paolo Nani Teater og Limfjordsteatret<\/p><p>Koncept: Paolo Nani og Frede Gulbrandsen<\/p><p>Skuespiller: Paolo Nani<\/p><p>Instruktion: Frede Gulbrandsen<\/p><p>Instrukt\u00f8rassistant: Clara Luna M. Nani<\/p><p>Dramaturgi: Gitta Malling<\/p><p>Scenografi: Julie Forchhammer<\/p><p>Lyddesign: Erik Christofersen y Jens Roselund Petersen<\/p><p>Kostumer: Lene Bek Nielsen<\/p><p>Video editing: Paolo Serra og Alessia Poltini<\/p>\t\t\t\t\t\t\t\t<\/div>\n\t\t\t\t<\/div>\n\t\t\t\t\t<\/div>\n\t\t<\/div>\n\t\t\t\t\t<\/div>\n\t\t<\/section>\n\t\t\t\t<section class=\"elementor-section elementor-inner-section elementor-element elementor-element-f030c98 elementor-section-boxed elementor-section-height-default elementor-section-height-default\" data-id=\"f030c98\" data-element_type=\"section\" data-e-type=\"section\">\n\t\t\t\t\t\t<div class=\"elementor-container elementor-column-gap-default\">\n\t\t\t\t\t<div class=\"elementor-column elementor-col-100 elementor-inner-column elementor-element elementor-element-f97b99e\" data-id=\"f97b99e\" data-element_type=\"column\" data-e-type=\"column\">\n\t\t\t<div class=\"elementor-widget-wrap elementor-element-populated\">\n\t\t\t\t\t\t<div class=\"elementor-element elementor-element-c3f07f9 elementor-widget elementor-widget-text-editor\" data-id=\"c3f07f9\" data-element_type=\"widget\" data-e-type=\"widget\" data-widget_type=\"text-editor.default\">\n\t\t\t\t<div class=\"elementor-widget-container\">\n\t\t\t\t\t\t\t\t\t<div>\"Livets sm\u00e5 mirakler\", en dugfrisk, nyskabende forestilling v. Paolo Nani Teater<\/div><div>\u00a0<\/div><div>I \u201dLivets sm\u00e5 mirakler\u201d eksperimenterer Paolo Nani med et helt nyt- og originalt scenisk formsprog, idet han forener teater og billedkunst. Han er oprindeligt uddannet billedkunstner f\u00f8r han valgte at fokusere p\u00e5 teaterarbejdet og det fremg\u00e5r tydeligt i denne forestilling, hvor han med stort overskud bruger tegnekunsten som et fremtr\u00e6dende element af formsproget.<\/div><div>\u00a0<\/div><div>Enkle tegnestreger bliver i forestillingen til former og figurer, der l\u00f8bende forvandles p\u00e5 overraskende m\u00e5der. Via simple tekniske midler fors\u00f8ger spilleren at g\u00f8re figurerne levende foran tilskuernes \u00f8jne.<\/div><div>\u00a0<\/div><div>Tegneprocessen projiceres op p\u00e5 en storsk\u00e6rm, som er forestillingens prim\u00e6re scenografiske element og samtidig danner scenens baggrund. Dette suppleres af skuespillerens velkendte ordl\u00f8se, udtryksfulde kropsprog og krydres med den finurlige humor, bramfrihed og poesi, der kendetegner Paolo Nani Teaters produktioner.<\/div><div>\u00a0<\/div><div>Det teatralske udtryk fuldendes af et akustisk landskab best\u00e5ende af en r\u00e6kke stemningsm\u00e6ttede musikalske v\u00e6rker samt til musikken kontrasterende lydeffekter.<\/div>\t\t\t\t\t\t\t\t<\/div>\n\t\t\t\t<\/div>\n\t\t\t\t\t<\/div>\n\t\t<\/div>\n\t\t\t\t\t<\/div>\n\t\t<\/section>\n\t\t\t\t\t<\/div>\n\t\t<\/div>\n\t\t\t\t<div class=\"elementor-column elementor-col-50 elementor-top-column elementor-element elementor-element-3c2ea3c\" data-id=\"3c2ea3c\" data-element_type=\"column\" data-e-type=\"column\">\n\t\t\t<div class=\"elementor-widget-wrap elementor-element-populated\">\n\t\t\t\t\t\t<section class=\"elementor-section elementor-inner-section elementor-element elementor-element-e666885 elementor-section-boxed elementor-section-height-default elementor-section-height-default\" data-id=\"e666885\" data-element_type=\"section\" data-e-type=\"section\">\n\t\t\t\t\t\t<div class=\"elementor-container elementor-column-gap-default\">\n\t\t\t\t\t<div class=\"elementor-column elementor-col-100 elementor-inner-column elementor-element elementor-element-f297255\" data-id=\"f297255\" data-element_type=\"column\" data-e-type=\"column\">\n\t\t\t<div class=\"elementor-widget-wrap elementor-element-populated\">\n\t\t\t\t\t\t<div class=\"elementor-element elementor-element-5efc6d5 elementor-widget elementor-widget-text-editor\" data-id=\"5efc6d5\" data-element_type=\"widget\" data-e-type=\"widget\" data-widget_type=\"text-editor.default\">\n\t\t\t\t<div class=\"elementor-widget-container\">\n\t\t\t\t\t\t\t\t\t<p style=\"text-align: right;\"><em>\"En poetisk og virtuos symfoni af en livsfort\u00e6lling\"<\/em><\/p><p style=\"text-align: right;\">Kirsten Dahl\/Teateravisen<\/p>\t\t\t\t\t\t\t\t<\/div>\n\t\t\t\t<\/div>\n\t\t\t\t\t<\/div>\n\t\t<\/div>\n\t\t\t\t\t<\/div>\n\t\t<\/section>\n\t\t\t\t<div class=\"elementor-element elementor-element-77bf576 elementor-widget elementor-widget-image\" data-id=\"77bf576\" data-element_type=\"widget\" data-e-type=\"widget\" data-widget_type=\"image.default\">\n\t\t\t\t<div class=\"elementor-widget-container\">\n\t\t\t\t\t\t\t\t\t\t\t\t\t\t\t<img fetchpriority=\"high\" decoding=\"async\" width=\"800\" height=\"534\" src=\"https:\/\/i0.wp.com\/www.paolonani.com\/wp-content\/uploads\/2022\/06\/5-Foto.-Lars-Holm.jpg?fit=800%2C534&amp;ssl=1\" class=\"attachment-large size-large wp-image-3171\" alt=\"\" srcset=\"https:\/\/i0.wp.com\/www.paolonani.com\/wp-content\/uploads\/2022\/06\/5-Foto.-Lars-Holm.jpg?w=2400&amp;ssl=1 2400w, https:\/\/i0.wp.com\/www.paolonani.com\/wp-content\/uploads\/2022\/06\/5-Foto.-Lars-Holm.jpg?resize=300%2C200&amp;ssl=1 300w, https:\/\/i0.wp.com\/www.paolonani.com\/wp-content\/uploads\/2022\/06\/5-Foto.-Lars-Holm.jpg?resize=1024%2C683&amp;ssl=1 1024w, https:\/\/i0.wp.com\/www.paolonani.com\/wp-content\/uploads\/2022\/06\/5-Foto.-Lars-Holm.jpg?resize=768%2C512&amp;ssl=1 768w, https:\/\/i0.wp.com\/www.paolonani.com\/wp-content\/uploads\/2022\/06\/5-Foto.-Lars-Holm.jpg?resize=1536%2C1024&amp;ssl=1 1536w, https:\/\/i0.wp.com\/www.paolonani.com\/wp-content\/uploads\/2022\/06\/5-Foto.-Lars-Holm.jpg?resize=2048%2C1365&amp;ssl=1 2048w, https:\/\/i0.wp.com\/www.paolonani.com\/wp-content\/uploads\/2022\/06\/5-Foto.-Lars-Holm.jpg?resize=18%2C12&amp;ssl=1 18w, https:\/\/i0.wp.com\/www.paolonani.com\/wp-content\/uploads\/2022\/06\/5-Foto.-Lars-Holm.jpg?w=1600&amp;ssl=1 1600w\" sizes=\"(max-width: 800px) 100vw, 800px\" \/>\t\t\t\t\t\t\t\t\t\t\t\t\t\t\t<\/div>\n\t\t\t\t<\/div>\n\t\t\t\t<section class=\"elementor-section elementor-inner-section elementor-element elementor-element-6769a43 elementor-section-boxed elementor-section-height-default elementor-section-height-default\" data-id=\"6769a43\" data-element_type=\"section\" data-e-type=\"section\">\n\t\t\t\t\t\t<div class=\"elementor-container elementor-column-gap-default\">\n\t\t\t\t\t<div class=\"elementor-column elementor-col-100 elementor-inner-column elementor-element elementor-element-55aeb4a\" data-id=\"55aeb4a\" data-element_type=\"column\" data-e-type=\"column\">\n\t\t\t<div class=\"elementor-widget-wrap elementor-element-populated\">\n\t\t\t\t\t\t<div class=\"elementor-element elementor-element-cbd80d0 elementor-align-center elementor-widget elementor-widget-button\" data-id=\"cbd80d0\" data-element_type=\"widget\" data-e-type=\"widget\" data-widget_type=\"button.default\">\n\t\t\t\t<div class=\"elementor-widget-container\">\n\t\t\t\t\t\t\t\t\t<div class=\"elementor-button-wrapper\">\n\t\t\t\t\t<a class=\"elementor-button elementor-button-link elementor-size-sm elementor-animation-grow\" href=\"https:\/\/vimeo.com\/1054841013\">\n\t\t\t\t\t\t<span class=\"elementor-button-content-wrapper\">\n\t\t\t\t\t\t\t\t\t<span class=\"elementor-button-text\">SE TRAILEREN<\/span>\n\t\t\t\t\t<\/span>\n\t\t\t\t\t<\/a>\n\t\t\t\t<\/div>\n\t\t\t\t\t\t\t\t<\/div>\n\t\t\t\t<\/div>\n\t\t\t\t\t<\/div>\n\t\t<\/div>\n\t\t\t\t\t<\/div>\n\t\t<\/section>\n\t\t\t\t\t<\/div>\n\t\t<\/div>\n\t\t\t\t\t<\/div>\n\t\t<\/section>\n\t\t\t\t<section class=\"elementor-section elementor-top-section elementor-element elementor-element-ba1e52c elementor-section-boxed elementor-section-height-default elementor-section-height-default\" data-id=\"ba1e52c\" data-element_type=\"section\" data-e-type=\"section\" data-settings=\"{&quot;background_background&quot;:&quot;classic&quot;}\">\n\t\t\t\t\t\t<div class=\"elementor-container elementor-column-gap-default\">\n\t\t\t\t\t<div class=\"elementor-column elementor-col-50 elementor-top-column elementor-element elementor-element-300604a\" data-id=\"300604a\" data-element_type=\"column\" data-e-type=\"column\">\n\t\t\t<div class=\"elementor-widget-wrap elementor-element-populated\">\n\t\t\t\t\t\t<div class=\"elementor-element elementor-element-fcf6a9c elementor-widget elementor-widget-text-editor\" data-id=\"fcf6a9c\" data-element_type=\"widget\" data-e-type=\"widget\" data-widget_type=\"text-editor.default\">\n\t\t\t\t<div class=\"elementor-widget-container\">\n\t\t\t\t\t\t\t\t\t<div>Handlingen i store tr\u00e6k:<\/div><div>\u00a0<\/div><div>I \u201dLivets sm\u00e5 mirakler\u201d m\u00f8der tilskuerne en virksom karakter; en tegner, der synes at have valgt at lukke sig inde i den lille verden, som udg\u00f8res af hans atelier. Han kan dog ikke helt abstrahere fra den omkringliggende virkelighed.<\/div><div>\u00a0<\/div><div>St\u00f8j udefra og lyde fra nabohuset forstyrrer hans koncentration og p\u00e5virker udformningen af hans tegninger.<\/div><div>\u00a0<\/div><div>Der opst\u00e5r i forl\u00f8bet en vekselvirkning mellem den ydre virkelighed og tegningernes univers, hvorigennem en bev\u00e6gende livshistorie udfolder sig.<\/div>\t\t\t\t\t\t\t\t<\/div>\n\t\t\t\t<\/div>\n\t\t\t\t\t<\/div>\n\t\t<\/div>\n\t\t\t\t<div class=\"elementor-column elementor-col-50 elementor-top-column elementor-element elementor-element-115a9b8\" data-id=\"115a9b8\" data-element_type=\"column\" data-e-type=\"column\">\n\t\t\t<div class=\"elementor-widget-wrap elementor-element-populated\">\n\t\t\t\t\t\t<div class=\"elementor-element elementor-element-0cfc51d elementor-widget elementor-widget-image\" data-id=\"0cfc51d\" data-element_type=\"widget\" data-e-type=\"widget\" data-widget_type=\"image.default\">\n\t\t\t\t<div class=\"elementor-widget-container\">\n\t\t\t\t\t\t\t\t\t\t\t\t\t\t\t<img decoding=\"async\" width=\"800\" height=\"534\" src=\"https:\/\/i0.wp.com\/www.paolonani.com\/wp-content\/uploads\/2022\/06\/2-Foto.-Lars-Holm.jpg?fit=800%2C534&amp;ssl=1\" class=\"attachment-large size-large wp-image-3170\" alt=\"\" srcset=\"https:\/\/i0.wp.com\/www.paolonani.com\/wp-content\/uploads\/2022\/06\/2-Foto.-Lars-Holm.jpg?w=2400&amp;ssl=1 2400w, https:\/\/i0.wp.com\/www.paolonani.com\/wp-content\/uploads\/2022\/06\/2-Foto.-Lars-Holm.jpg?resize=300%2C200&amp;ssl=1 300w, https:\/\/i0.wp.com\/www.paolonani.com\/wp-content\/uploads\/2022\/06\/2-Foto.-Lars-Holm.jpg?resize=1024%2C683&amp;ssl=1 1024w, https:\/\/i0.wp.com\/www.paolonani.com\/wp-content\/uploads\/2022\/06\/2-Foto.-Lars-Holm.jpg?resize=768%2C512&amp;ssl=1 768w, https:\/\/i0.wp.com\/www.paolonani.com\/wp-content\/uploads\/2022\/06\/2-Foto.-Lars-Holm.jpg?resize=1536%2C1024&amp;ssl=1 1536w, https:\/\/i0.wp.com\/www.paolonani.com\/wp-content\/uploads\/2022\/06\/2-Foto.-Lars-Holm.jpg?resize=2048%2C1365&amp;ssl=1 2048w, https:\/\/i0.wp.com\/www.paolonani.com\/wp-content\/uploads\/2022\/06\/2-Foto.-Lars-Holm.jpg?resize=18%2C12&amp;ssl=1 18w, https:\/\/i0.wp.com\/www.paolonani.com\/wp-content\/uploads\/2022\/06\/2-Foto.-Lars-Holm.jpg?w=1600&amp;ssl=1 1600w\" sizes=\"(max-width: 800px) 100vw, 800px\" \/>\t\t\t\t\t\t\t\t\t\t\t\t\t\t\t<\/div>\n\t\t\t\t<\/div>\n\t\t\t\t<section class=\"elementor-section elementor-inner-section elementor-element elementor-element-640ddb6 elementor-section-boxed elementor-section-height-default elementor-section-height-default\" data-id=\"640ddb6\" data-element_type=\"section\" data-e-type=\"section\">\n\t\t\t\t\t\t<div class=\"elementor-container elementor-column-gap-default\">\n\t\t\t\t\t<div class=\"elementor-column elementor-col-100 elementor-inner-column elementor-element elementor-element-38fd5e1\" data-id=\"38fd5e1\" data-element_type=\"column\" data-e-type=\"column\">\n\t\t\t<div class=\"elementor-widget-wrap elementor-element-populated\">\n\t\t\t\t\t\t<div class=\"elementor-element elementor-element-caebaf0 elementor-align-center elementor-widget elementor-widget-button\" data-id=\"caebaf0\" data-element_type=\"widget\" data-e-type=\"widget\" data-widget_type=\"button.default\">\n\t\t\t\t<div class=\"elementor-widget-container\">\n\t\t\t\t\t\t\t\t\t<div class=\"elementor-button-wrapper\">\n\t\t\t\t\t<a class=\"elementor-button elementor-button-link elementor-size-sm elementor-animation-grow\" href=\"https:\/\/vimeo.com\/1054841013\">\n\t\t\t\t\t\t<span class=\"elementor-button-content-wrapper\">\n\t\t\t\t\t\t\t\t\t<span class=\"elementor-button-text\">SE TRAILEREN<\/span>\n\t\t\t\t\t<\/span>\n\t\t\t\t\t<\/a>\n\t\t\t\t<\/div>\n\t\t\t\t\t\t\t\t<\/div>\n\t\t\t\t<\/div>\n\t\t\t\t\t<\/div>\n\t\t<\/div>\n\t\t\t\t\t<\/div>\n\t\t<\/section>\n\t\t\t\t\t<\/div>\n\t\t<\/div>\n\t\t\t\t\t<\/div>\n\t\t<\/section>\n\t\t\t\t<\/div>","protected":false},"excerpt":{"rendered":"<p>little MIRACLES of life A co-production: Paolo Nani Teater and Limfjordsteatret Concept: Paolo Nani and Frede Gulbrandsen Performer: Paolo Nani Director: Frede Gulbrandsen Assistant director: Clara Luna M. Nani Dramaturgical consultant: Gitta Malling Set design: Julie Forchhammer Light design: Erik Christofersen and Jens\u00a0Roselund Petersen Costumes: Lene Bek Nielsen Video editing: Paolo Serra and Alessia Poltini [&hellip;]<\/p>\n","protected":false},"author":1,"featured_media":0,"parent":0,"menu_order":0,"comment_status":"closed","ping_status":"closed","template":"","meta":{"nf_dc_page":"","om_disable_all_campaigns":false,"_monsterinsights_skip_tracking":false,"_monsterinsights_sitenote_active":false,"_monsterinsights_sitenote_note":"","_monsterinsights_sitenote_category":0,"footnotes":""},"class_list":["post-3136","page","type-page","status-publish","hentry"],"jetpack_sharing_enabled":true,"_links":{"self":[{"href":"https:\/\/www.paolonani.com\/da\/wp-json\/wp\/v2\/pages\/3136","targetHints":{"allow":["GET"]}}],"collection":[{"href":"https:\/\/www.paolonani.com\/da\/wp-json\/wp\/v2\/pages"}],"about":[{"href":"https:\/\/www.paolonani.com\/da\/wp-json\/wp\/v2\/types\/page"}],"author":[{"embeddable":true,"href":"https:\/\/www.paolonani.com\/da\/wp-json\/wp\/v2\/users\/1"}],"replies":[{"embeddable":true,"href":"https:\/\/www.paolonani.com\/da\/wp-json\/wp\/v2\/comments?post=3136"}],"version-history":[{"count":14,"href":"https:\/\/www.paolonani.com\/da\/wp-json\/wp\/v2\/pages\/3136\/revisions"}],"predecessor-version":[{"id":5721,"href":"https:\/\/www.paolonani.com\/da\/wp-json\/wp\/v2\/pages\/3136\/revisions\/5721"}],"wp:attachment":[{"href":"https:\/\/www.paolonani.com\/da\/wp-json\/wp\/v2\/media?parent=3136"}],"curies":[{"name":"wp","href":"https:\/\/api.w.org\/{rel}","templated":true}]}}