{"id":1902,"date":"2021-12-05T10:56:35","date_gmt":"2021-12-05T10:56:35","guid":{"rendered":"https:\/\/www.paolonani.com\/?page_id=1902"},"modified":"2025-10-14T07:55:28","modified_gmt":"2025-10-14T07:55:28","slug":"wake-up","status":"publish","type":"page","link":"https:\/\/www.paolonani.com\/da\/wake-up\/","title":{"rendered":"Wake up!"},"content":{"rendered":"<div data-elementor-type=\"wp-page\" data-elementor-id=\"1902\" class=\"elementor elementor-1902\" data-elementor-post-type=\"page\">\n\t\t\t\t\t\t<section class=\"elementor-section elementor-top-section elementor-element elementor-element-632a22a elementor-section-boxed elementor-section-height-default elementor-section-height-default\" data-id=\"632a22a\" data-element_type=\"section\" data-e-type=\"section\" data-settings=\"{&quot;background_background&quot;:&quot;classic&quot;}\">\n\t\t\t\t\t\t<div class=\"elementor-container elementor-column-gap-default\">\n\t\t\t\t\t<div class=\"elementor-column elementor-col-50 elementor-top-column elementor-element elementor-element-e6677e8\" data-id=\"e6677e8\" data-element_type=\"column\" data-e-type=\"column\">\n\t\t\t<div class=\"elementor-widget-wrap elementor-element-populated\">\n\t\t\t\t\t\t<div class=\"elementor-element elementor-element-e6ea59c elementor-widget elementor-widget-image\" data-id=\"e6ea59c\" data-element_type=\"widget\" data-e-type=\"widget\" data-widget_type=\"image.default\">\n\t\t\t\t<div class=\"elementor-widget-container\">\n\t\t\t\t\t\t\t\t\t\t\t\t\t\t\t<img data-recalc-dims=\"1\" decoding=\"async\" src=\"https:\/\/i0.wp.com\/www.paolonani.com\/wp-content\/uploads\/elementor\/thumbs\/wake-up-titolo-qx2azzyvm3z3rqzdlc7jy0rvsprcb1xvtomtppy7tw.png?w=800&#038;ssl=1\" title=\"wake up titolo\" alt=\"wake up titolo\" loading=\"lazy\" \/>\t\t\t\t\t\t\t\t\t\t\t\t\t\t\t<\/div>\n\t\t\t\t<\/div>\n\t\t\t\t<section class=\"elementor-section elementor-inner-section elementor-element elementor-element-1fbd915 elementor-section-content-middle elementor-section-boxed elementor-section-height-default elementor-section-height-default\" data-id=\"1fbd915\" data-element_type=\"section\" data-e-type=\"section\">\n\t\t\t\t\t\t<div class=\"elementor-container elementor-column-gap-default\">\n\t\t\t\t\t<div class=\"elementor-column elementor-col-100 elementor-inner-column elementor-element elementor-element-314d380\" data-id=\"314d380\" data-element_type=\"column\" data-e-type=\"column\">\n\t\t\t<div class=\"elementor-widget-wrap elementor-element-populated\">\n\t\t\t\t\t\t<div class=\"elementor-element elementor-element-38f1318 elementor-widget elementor-widget-text-editor\" data-id=\"38f1318\" data-element_type=\"widget\" data-e-type=\"widget\" data-widget_type=\"text-editor.default\">\n\t\t\t\t<div class=\"elementor-widget-container\">\n\t\t\t\t\t\t\t\t\t<p><span style=\"font-family: Montserrat, sans-serif;\">Skuespillerinder <strong>Clara Luna M. Nani, Alice Bossi<\/strong><\/span><strong>\u00a0<\/strong><\/p><p><span style=\"font-family: Montserrat, sans-serif;\">Scenograf: <strong>Julie Forchhammer<\/strong><\/span><strong>\u00a0<\/strong><\/p><p>Dramaturgisk konsulent: <strong>Frede Gulbrandsen<\/strong><\/p><p>Musik: <strong>Oliver Nani<\/strong><\/p><p>Lys- og lyddesign: <strong>Adriano Antonucci<\/strong>.<\/p><p><span style=\"font-family: Montserrat, sans-serif;\">instrukt\u00f8r: <strong>Paolo Nani<\/strong><\/span><strong>\u00a0<\/strong><\/p><p>Assistent-instrukt\u00f8r: <strong>Line Svendsen<\/strong><\/p><p><strong>&#8211;<\/strong><\/p><p>En  co-produktion med\u00a0<b>Egnsteatret i Vordingborg Kommune<\/b><\/p><div>Produceret med st\u00f8tte fra:<\/div><div><b>Statens Kunstfond<\/b><b><\/b><\/div><div><b>Aage og Johanne Louis-Hansen Fonden<\/b><b><\/b><\/div><div><b>William Demant Fonden<\/b><\/div>\t\t\t\t\t\t\t\t<\/div>\n\t\t\t\t<\/div>\n\t\t\t\t\t<\/div>\n\t\t<\/div>\n\t\t\t\t\t<\/div>\n\t\t<\/section>\n\t\t\t\t<section class=\"elementor-section elementor-inner-section elementor-element elementor-element-f030c98 elementor-section-boxed elementor-section-height-default elementor-section-height-default\" data-id=\"f030c98\" data-element_type=\"section\" data-e-type=\"section\">\n\t\t\t\t\t\t<div class=\"elementor-container elementor-column-gap-default\">\n\t\t\t\t\t<div class=\"elementor-column elementor-col-100 elementor-inner-column elementor-element elementor-element-f97b99e\" data-id=\"f97b99e\" data-element_type=\"column\" data-e-type=\"column\">\n\t\t\t<div class=\"elementor-widget-wrap elementor-element-populated\">\n\t\t\t\t\t\t<div class=\"elementor-element elementor-element-c3f07f9 elementor-widget elementor-widget-text-editor\" data-id=\"c3f07f9\" data-element_type=\"widget\" data-e-type=\"widget\" data-widget_type=\"text-editor.default\">\n\t\t\t\t<div class=\"elementor-widget-container\">\n\t\t\t\t\t\t\t\t\t<p>I \"<span class=\"il\">WAKE<\/span>\u00a0<span class=\"il\">UP<\/span>!\" en kvinde med et roligt og forudsigeligt liv, bliver pludselig sat p\u00e5 pr\u00f8ve nat efter nat, af en \nmystisk og kaotisk karakter som dukker op i hendes dr\u00f8mme og rusker\u00a0<span class=\"il\">op<\/span>\u00a0i hendes  ellers trivielle tilv\u00e6relse.\u00a0<\/p><p>Er denne fremmede der for at hj\u00e6lpe \u2013 eller for at afsl\u00f8re noget hun har gemt v\u00e6k? \nFor hvad er det hun frygter allermest? Og hvad l\u00e6nges hun i virkelighed efter?<\/p><p>I spillet mellem dr\u00f8m og virkeligheden, hvor alt kan ske, tager de to p\u00e5 en rejse for at konfrontere f\u00f8lelsen \naf ikke at v\u00e6re god nok og forl\u00f8se hendes skjulte potentiale.<\/p>\t\t\t\t\t\t\t\t<\/div>\n\t\t\t\t<\/div>\n\t\t\t\t\t<\/div>\n\t\t<\/div>\n\t\t\t\t\t<\/div>\n\t\t<\/section>\n\t\t\t\t\t<\/div>\n\t\t<\/div>\n\t\t\t\t<div class=\"elementor-column elementor-col-50 elementor-top-column elementor-element elementor-element-3c2ea3c\" data-id=\"3c2ea3c\" data-element_type=\"column\" data-e-type=\"column\">\n\t\t\t<div class=\"elementor-widget-wrap elementor-element-populated\">\n\t\t\t\t\t\t<div class=\"elementor-element elementor-element-77bf576 elementor-widget elementor-widget-image\" data-id=\"77bf576\" data-element_type=\"widget\" data-e-type=\"widget\" data-widget_type=\"image.default\">\n\t\t\t\t<div class=\"elementor-widget-container\">\n\t\t\t\t\t\t\t\t\t\t\t\t\t\t\t<img fetchpriority=\"high\" decoding=\"async\" width=\"800\" height=\"908\" src=\"https:\/\/i0.wp.com\/www.paolonani.com\/wp-content\/uploads\/2024\/11\/Alice-e-Clara-Luna-.png?fit=800%2C908&amp;ssl=1\" class=\"attachment-large size-large wp-image-5494\" alt=\"\" srcset=\"https:\/\/i0.wp.com\/www.paolonani.com\/wp-content\/uploads\/2024\/11\/Alice-e-Clara-Luna-.png?w=1260&amp;ssl=1 1260w, https:\/\/i0.wp.com\/www.paolonani.com\/wp-content\/uploads\/2024\/11\/Alice-e-Clara-Luna-.png?resize=264%2C300&amp;ssl=1 264w, https:\/\/i0.wp.com\/www.paolonani.com\/wp-content\/uploads\/2024\/11\/Alice-e-Clara-Luna-.png?resize=902%2C1024&amp;ssl=1 902w, https:\/\/i0.wp.com\/www.paolonani.com\/wp-content\/uploads\/2024\/11\/Alice-e-Clara-Luna-.png?resize=768%2C872&amp;ssl=1 768w, https:\/\/i0.wp.com\/www.paolonani.com\/wp-content\/uploads\/2024\/11\/Alice-e-Clara-Luna-.png?resize=11%2C12&amp;ssl=1 11w\" sizes=\"(max-width: 800px) 100vw, 800px\" \/>\t\t\t\t\t\t\t\t\t\t\t\t\t\t\t<\/div>\n\t\t\t\t<\/div>\n\t\t\t\t<div class=\"elementor-element elementor-element-1f1e840 elementor-align-center elementor-widget elementor-widget-button\" data-id=\"1f1e840\" data-element_type=\"widget\" data-e-type=\"widget\" data-widget_type=\"button.default\">\n\t\t\t\t<div class=\"elementor-widget-container\">\n\t\t\t\t\t\t\t\t\t<div class=\"elementor-button-wrapper\">\n\t\t\t\t\t<a class=\"elementor-button elementor-button-link elementor-size-sm elementor-animation-grow\" href=\"https:\/\/vimeo.com\/1123915082?share=copy\">\n\t\t\t\t\t\t<span class=\"elementor-button-content-wrapper\">\n\t\t\t\t\t\t\t\t\t<span class=\"elementor-button-text\">SE TRAILEREN<\/span>\n\t\t\t\t\t<\/span>\n\t\t\t\t\t<\/a>\n\t\t\t\t<\/div>\n\t\t\t\t\t\t\t\t<\/div>\n\t\t\t\t<\/div>\n\t\t\t\t<div class=\"elementor-element elementor-element-5daa655 elementor-align-center elementor-widget elementor-widget-button\" data-id=\"5daa655\" data-element_type=\"widget\" data-e-type=\"widget\" data-widget_type=\"button.default\">\n\t\t\t\t<div class=\"elementor-widget-container\">\n\t\t\t\t\t\t\t\t\t<div class=\"elementor-button-wrapper\">\n\t\t\t\t\t<a class=\"elementor-button elementor-button-link elementor-size-sm elementor-animation-grow\" href=\"https:\/\/vimeo.com\/user26285186\/wakeup?share=copy\">\n\t\t\t\t\t\t<span class=\"elementor-button-content-wrapper\">\n\t\t\t\t\t\t\t\t\t<span class=\"elementor-button-text\">SE EN SCENE<\/span>\n\t\t\t\t\t<\/span>\n\t\t\t\t\t<\/a>\n\t\t\t\t<\/div>\n\t\t\t\t\t\t\t\t<\/div>\n\t\t\t\t<\/div>\n\t\t\t\t<div class=\"elementor-element elementor-element-628b56b elementor-align-center elementor-widget elementor-widget-button\" data-id=\"628b56b\" data-element_type=\"widget\" data-e-type=\"widget\" data-widget_type=\"button.default\">\n\t\t\t\t<div class=\"elementor-widget-container\">\n\t\t\t\t\t\t\t\t\t<div class=\"elementor-button-wrapper\">\n\t\t\t\t\t<a class=\"elementor-button elementor-button-link elementor-size-sm elementor-animation-grow\" href=\"https:\/\/www.paolonani.com\/da\/photos\/\">\n\t\t\t\t\t\t<span class=\"elementor-button-content-wrapper\">\n\t\t\t\t\t\t\t\t\t<span class=\"elementor-button-text\">BILLEDER<\/span>\n\t\t\t\t\t<\/span>\n\t\t\t\t\t<\/a>\n\t\t\t\t<\/div>\n\t\t\t\t\t\t\t\t<\/div>\n\t\t\t\t<\/div>\n\t\t\t\t\t<\/div>\n\t\t<\/div>\n\t\t\t\t\t<\/div>\n\t\t<\/section>\n\t\t\t\t<section class=\"elementor-section elementor-top-section elementor-element elementor-element-ba1e52c elementor-section-boxed elementor-section-height-default elementor-section-height-default\" data-id=\"ba1e52c\" data-element_type=\"section\" data-e-type=\"section\" data-settings=\"{&quot;background_background&quot;:&quot;classic&quot;}\">\n\t\t\t\t\t\t<div class=\"elementor-container elementor-column-gap-default\">\n\t\t\t\t\t<div class=\"elementor-column elementor-col-50 elementor-top-column elementor-element elementor-element-115a9b8\" data-id=\"115a9b8\" data-element_type=\"column\" data-e-type=\"column\">\n\t\t\t<div class=\"elementor-widget-wrap elementor-element-populated\">\n\t\t\t\t\t\t<div class=\"elementor-element elementor-element-0cfc51d elementor-widget elementor-widget-image\" data-id=\"0cfc51d\" data-element_type=\"widget\" data-e-type=\"widget\" data-widget_type=\"image.default\">\n\t\t\t\t<div class=\"elementor-widget-container\">\n\t\t\t\t\t\t\t\t\t\t\t\t\t\t\t<img decoding=\"async\" width=\"800\" height=\"420\" src=\"https:\/\/i0.wp.com\/www.paolonani.com\/wp-content\/uploads\/2025\/09\/WAKE-UP-Ukulele-scaled.jpg?fit=800%2C420&amp;ssl=1\" class=\"attachment-large size-large wp-image-5925\" alt=\"\" srcset=\"https:\/\/i0.wp.com\/www.paolonani.com\/wp-content\/uploads\/2025\/09\/WAKE-UP-Ukulele-scaled.jpg?w=2560&amp;ssl=1 2560w, https:\/\/i0.wp.com\/www.paolonani.com\/wp-content\/uploads\/2025\/09\/WAKE-UP-Ukulele-scaled.jpg?resize=300%2C158&amp;ssl=1 300w, https:\/\/i0.wp.com\/www.paolonani.com\/wp-content\/uploads\/2025\/09\/WAKE-UP-Ukulele-scaled.jpg?resize=1024%2C538&amp;ssl=1 1024w, https:\/\/i0.wp.com\/www.paolonani.com\/wp-content\/uploads\/2025\/09\/WAKE-UP-Ukulele-scaled.jpg?resize=768%2C403&amp;ssl=1 768w, https:\/\/i0.wp.com\/www.paolonani.com\/wp-content\/uploads\/2025\/09\/WAKE-UP-Ukulele-scaled.jpg?resize=1536%2C806&amp;ssl=1 1536w, https:\/\/i0.wp.com\/www.paolonani.com\/wp-content\/uploads\/2025\/09\/WAKE-UP-Ukulele-scaled.jpg?resize=2048%2C1075&amp;ssl=1 2048w, https:\/\/i0.wp.com\/www.paolonani.com\/wp-content\/uploads\/2025\/09\/WAKE-UP-Ukulele-scaled.jpg?resize=18%2C9&amp;ssl=1 18w, https:\/\/i0.wp.com\/www.paolonani.com\/wp-content\/uploads\/2025\/09\/WAKE-UP-Ukulele-scaled.jpg?w=1600&amp;ssl=1 1600w, https:\/\/i0.wp.com\/www.paolonani.com\/wp-content\/uploads\/2025\/09\/WAKE-UP-Ukulele-scaled.jpg?w=2400&amp;ssl=1 2400w\" sizes=\"(max-width: 800px) 100vw, 800px\" \/>\t\t\t\t\t\t\t\t\t\t\t\t\t\t\t<\/div>\n\t\t\t\t<\/div>\n\t\t\t\t\t<\/div>\n\t\t<\/div>\n\t\t\t\t<div class=\"elementor-column elementor-col-50 elementor-top-column elementor-element elementor-element-300604a\" data-id=\"300604a\" data-element_type=\"column\" data-e-type=\"column\">\n\t\t\t<div class=\"elementor-widget-wrap elementor-element-populated\">\n\t\t\t\t\t\t<div class=\"elementor-element elementor-element-fcf6a9c elementor-widget elementor-widget-text-editor\" data-id=\"fcf6a9c\" data-element_type=\"widget\" data-e-type=\"widget\" data-widget_type=\"text-editor.default\">\n\t\t\t\t<div class=\"elementor-widget-container\">\n\t\t\t\t\t\t\t\t\t<p><span class=\"il\">&#8220;WAKE<\/span>\u00a0<span class=\"il\">UP<\/span>!\" er en komisk og poetisk forestilling hvor der ikke blive sagt et eneste ord. Her stilles dybe sp\u00f8rgsm\u00e5l om identitet og frygt, mens humor \nog et farverigt univers g\u00f8r det tilg\u00e6ngeligt og engagerende.<\/p><p>Det er en historie for alle, unge som gamle, der har k\u00e6mpet med f\u00f8lelsen af ikke at v\u00e6re \u201cgod nok\u201d og har \nl\u00e6ngtes efter at opdage en version af sig selv, de endnu ikke har m\u00f8dt.<\/p>\t\t\t\t\t\t\t\t<\/div>\n\t\t\t\t<\/div>\n\t\t\t\t<div class=\"elementor-element elementor-element-11de82e elementor-widget elementor-widget-text-editor\" data-id=\"11de82e\" data-element_type=\"widget\" data-e-type=\"widget\" data-widget_type=\"text-editor.default\">\n\t\t\t\t<div class=\"elementor-widget-container\">\n\t\t\t\t\t\t\t\t\t<p>Produceret med st\u00f8tte fra Statens Kunstfond\u00a0<\/p>\t\t\t\t\t\t\t\t<\/div>\n\t\t\t\t<\/div>\n\t\t\t\t<div class=\"elementor-element elementor-element-5bb25e7 elementor-widget elementor-widget-image\" data-id=\"5bb25e7\" data-element_type=\"widget\" data-e-type=\"widget\" data-widget_type=\"image.default\">\n\t\t\t\t<div class=\"elementor-widget-container\">\n\t\t\t\t\t\t\t\t\t\t\t\t\t\t\t<img data-recalc-dims=\"1\" decoding=\"async\" src=\"https:\/\/i0.wp.com\/www.paolonani.com\/wp-content\/uploads\/elementor\/thumbs\/WhatsApp-Image-2024-11-14-at-22.10.44-qx2an6fzgue29hsi4suyff1qhdm1ewjb32zpdnyeqy.jpeg?w=800&#038;ssl=1\" title=\"WhatsApp Image 2024-11-14 at 22.10.44\" alt=\"WhatsApp Image 2024-11-14 at 22.10.44\" loading=\"lazy\" \/>\t\t\t\t\t\t\t\t\t\t\t\t\t\t\t<\/div>\n\t\t\t\t<\/div>\n\t\t\t\t\t<\/div>\n\t\t<\/div>\n\t\t\t\t\t<\/div>\n\t\t<\/section>\n\t\t\t\t<\/div>","protected":false},"excerpt":{"rendered":"<p>Actors: Clara Luna M. Nani, Alice Bossi\u00a0 Set designer: Julie Forchhammer\u00a0 Dramaturgical consultant: Frede Gulbrandsen Music: Oliver Nani Light and sound design: Adriano Antonucci. Director: Paolo Nani\u00a0 Assistant director: Line Svendsen &#8211; A co-production with the\u00a0Regional\u00a0 Theatre of Vordingborg Municipality With the support of:Danish Arts FoundationAage and Johanne Louis-Hansen FoundationWilliam Demant Foundation In &#8220;WAKE\u00a0UP!&#8221; A [&hellip;]<\/p>\n","protected":false},"author":1,"featured_media":0,"parent":0,"menu_order":0,"comment_status":"closed","ping_status":"closed","template":"","meta":{"nf_dc_page":"","om_disable_all_campaigns":false,"_monsterinsights_skip_tracking":false,"_monsterinsights_sitenote_active":false,"_monsterinsights_sitenote_note":"","_monsterinsights_sitenote_category":0,"footnotes":""},"class_list":["post-1902","page","type-page","status-publish","hentry"],"jetpack_sharing_enabled":true,"_links":{"self":[{"href":"https:\/\/www.paolonani.com\/da\/wp-json\/wp\/v2\/pages\/1902","targetHints":{"allow":["GET"]}}],"collection":[{"href":"https:\/\/www.paolonani.com\/da\/wp-json\/wp\/v2\/pages"}],"about":[{"href":"https:\/\/www.paolonani.com\/da\/wp-json\/wp\/v2\/types\/page"}],"author":[{"embeddable":true,"href":"https:\/\/www.paolonani.com\/da\/wp-json\/wp\/v2\/users\/1"}],"replies":[{"embeddable":true,"href":"https:\/\/www.paolonani.com\/da\/wp-json\/wp\/v2\/comments?post=1902"}],"version-history":[{"count":20,"href":"https:\/\/www.paolonani.com\/da\/wp-json\/wp\/v2\/pages\/1902\/revisions"}],"predecessor-version":[{"id":6011,"href":"https:\/\/www.paolonani.com\/da\/wp-json\/wp\/v2\/pages\/1902\/revisions\/6011"}],"wp:attachment":[{"href":"https:\/\/www.paolonani.com\/da\/wp-json\/wp\/v2\/media?parent=1902"}],"curies":[{"name":"wp","href":"https:\/\/api.w.org\/{rel}","templated":true}]}}