{"id":1878,"date":"2021-12-04T20:25:36","date_gmt":"2021-12-04T20:25:36","guid":{"rendered":"https:\/\/www.paolonani.com\/?page_id=1878"},"modified":"2022-11-11T08:58:37","modified_gmt":"2022-11-11T08:58:37","slug":"jeckyll-on-ice","status":"publish","type":"page","link":"https:\/\/www.paolonani.com\/da\/jeckyll-on-ice\/","title":{"rendered":"Jeckyll on ice"},"content":{"rendered":"<div data-elementor-type=\"wp-page\" data-elementor-id=\"1878\" class=\"elementor elementor-1878\" data-elementor-post-type=\"page\">\n\t\t\t\t\t\t<section class=\"elementor-section elementor-top-section elementor-element elementor-element-29ab1f2 elementor-section-boxed elementor-section-height-default elementor-section-height-default\" data-id=\"29ab1f2\" data-element_type=\"section\" data-e-type=\"section\" data-settings=\"{&quot;background_background&quot;:&quot;classic&quot;}\">\n\t\t\t\t\t\t<div class=\"elementor-container elementor-column-gap-default\">\n\t\t\t\t\t<div class=\"elementor-column elementor-col-50 elementor-top-column elementor-element elementor-element-535d826\" data-id=\"535d826\" data-element_type=\"column\" data-e-type=\"column\">\n\t\t\t<div class=\"elementor-widget-wrap elementor-element-populated\">\n\t\t\t\t\t\t<div class=\"elementor-element elementor-element-48a31d2 elementor-widget elementor-widget-heading\" data-id=\"48a31d2\" data-element_type=\"widget\" data-e-type=\"widget\" data-widget_type=\"heading.default\">\n\t\t\t\t<div class=\"elementor-widget-container\">\n\t\t\t\t\t<h2 class=\"elementor-heading-title elementor-size-default\">JEKYLL ON ICE<\/h2>\t\t\t\t<\/div>\n\t\t\t\t<\/div>\n\t\t\t\t<section class=\"elementor-section elementor-inner-section elementor-element elementor-element-c4c53c1 elementor-section-content-middle elementor-section-boxed elementor-section-height-default elementor-section-height-default\" data-id=\"c4c53c1\" data-element_type=\"section\" data-e-type=\"section\">\n\t\t\t\t\t\t<div class=\"elementor-container elementor-column-gap-default\">\n\t\t\t\t\t<div class=\"elementor-column elementor-col-100 elementor-inner-column elementor-element elementor-element-0fa2949\" data-id=\"0fa2949\" data-element_type=\"column\" data-e-type=\"column\">\n\t\t\t<div class=\"elementor-widget-wrap elementor-element-populated\">\n\t\t\t\t\t\t<div class=\"elementor-element elementor-element-5d7ab0f elementor-widget elementor-widget-text-editor\" data-id=\"5d7ab0f\" data-element_type=\"widget\" data-e-type=\"widget\" data-widget_type=\"text-editor.default\">\n\t\t\t\t<div class=\"elementor-widget-container\">\n\t\t\t\t\t\t\t\t\t<p>Skuespiller: Paolo Nani<\/p><p>Koncept: Paolo Nani i samarbejde med Frede Gulbrandsen og Valentino Dragano<\/p><p>Instruktion: Frede Guldbrandsen &amp; Valentino Dragano<\/p><p>Assistent: Line Svendsen<\/p><p>Scenografi &amp; Kostume: Julie Forchhammer<\/p><p>Specielle effekter: Peter Kapabel<\/p><p>T\u00e9cnico: Per Aagaard<\/p><p>Produktionsleder: Helle M\u00f8rch<\/p>\t\t\t\t\t\t\t\t<\/div>\n\t\t\t\t<\/div>\n\t\t\t\t\t<\/div>\n\t\t<\/div>\n\t\t\t\t\t<\/div>\n\t\t<\/section>\n\t\t\t\t<section class=\"elementor-section elementor-inner-section elementor-element elementor-element-728fc0e elementor-section-boxed elementor-section-height-default elementor-section-height-default\" data-id=\"728fc0e\" data-element_type=\"section\" data-e-type=\"section\">\n\t\t\t\t\t\t<div class=\"elementor-container elementor-column-gap-default\">\n\t\t\t\t\t<div class=\"elementor-column elementor-col-100 elementor-inner-column elementor-element elementor-element-a249438\" data-id=\"a249438\" data-element_type=\"column\" data-e-type=\"column\">\n\t\t\t<div class=\"elementor-widget-wrap elementor-element-populated\">\n\t\t\t\t\t\t<div class=\"elementor-element elementor-element-23704af elementor-widget elementor-widget-text-editor\" data-id=\"23704af\" data-element_type=\"widget\" data-e-type=\"widget\" data-widget_type=\"text-editor.default\">\n\t\t\t\t<div class=\"elementor-widget-container\">\n\t\t\t\t\t\t\t\t\t<p>En sk\u00f8r udgave af Dr. Jekyll og Mr. Hyde<\/p><p>I Paolo Nanis fortolkning er Jekyll en sjov, rund og charmerende figur, en is-s\u00e6lger med sin helt egen m\u00e5de at drive forretning p\u00e5. I l\u00f8bet af forestillingen, under en dramatisk eskalering, st\u00e5r Jekyll over for det ene mere absurde optrin efter det andet.<\/p><p>Muligvis vil isen ende med at smelteog luften sive ud af ballonerne inden publikum kan n\u00e5 at nyde dem, men til geng\u00e6ld er de sikret fest, overraskelser og grin for alle pengene!<\/p><p>Forestillingen afbilder med varme og humor hovedpersonens fors\u00f8g p\u00e5 at skabe balance,\nmellem det at s\u00f8ge opm\u00e6rksomhed uanset konsekvenserne, og det at v\u00e6re tro mod sig selv og acceptere at v\u00e6re den man er.<\/p><p>Forestillingen er inspireret af den anderledes alvorlige roman \u201dDr. Jekyll &amp; Mr. Hyde\u201d af den skotske forfatter Robert L. Stevenson.<\/p>\t\t\t\t\t\t\t\t<\/div>\n\t\t\t\t<\/div>\n\t\t\t\t\t<\/div>\n\t\t<\/div>\n\t\t\t\t\t<\/div>\n\t\t<\/section>\n\t\t\t\t<section class=\"elementor-section elementor-inner-section elementor-element elementor-element-3f67e40 elementor-section-boxed elementor-section-height-default elementor-section-height-default\" data-id=\"3f67e40\" data-element_type=\"section\" data-e-type=\"section\">\n\t\t\t\t\t\t<div class=\"elementor-container elementor-column-gap-default\">\n\t\t\t\t\t<div class=\"elementor-column elementor-col-100 elementor-inner-column elementor-element elementor-element-7a44ae7\" data-id=\"7a44ae7\" data-element_type=\"column\" data-e-type=\"column\">\n\t\t\t<div class=\"elementor-widget-wrap elementor-element-populated\">\n\t\t\t\t\t\t<div class=\"elementor-element elementor-element-31732e3 elementor-align-center elementor-widget elementor-widget-button\" data-id=\"31732e3\" data-element_type=\"widget\" data-e-type=\"widget\" data-widget_type=\"button.default\">\n\t\t\t\t<div class=\"elementor-widget-container\">\n\t\t\t\t\t\t\t\t\t<div class=\"elementor-button-wrapper\">\n\t\t\t\t\t<a class=\"elementor-button elementor-button-link elementor-size-sm elementor-animation-grow\" href=\"https:\/\/vimeo.com\/150589538\">\n\t\t\t\t\t\t<span class=\"elementor-button-content-wrapper\">\n\t\t\t\t\t\t\t\t\t<span class=\"elementor-button-text\">SE TRAILEREN<\/span>\n\t\t\t\t\t<\/span>\n\t\t\t\t\t<\/a>\n\t\t\t\t<\/div>\n\t\t\t\t\t\t\t\t<\/div>\n\t\t\t\t<\/div>\n\t\t\t\t\t<\/div>\n\t\t<\/div>\n\t\t\t\t\t<\/div>\n\t\t<\/section>\n\t\t\t\t\t<\/div>\n\t\t<\/div>\n\t\t\t\t<div class=\"elementor-column elementor-col-50 elementor-top-column elementor-element elementor-element-8ba5019\" data-id=\"8ba5019\" data-element_type=\"column\" data-e-type=\"column\">\n\t\t\t<div class=\"elementor-widget-wrap elementor-element-populated\">\n\t\t\t\t\t\t<div class=\"elementor-element elementor-element-69fb9a3 elementor-widget elementor-widget-image\" data-id=\"69fb9a3\" data-element_type=\"widget\" data-e-type=\"widget\" data-widget_type=\"image.default\">\n\t\t\t\t<div class=\"elementor-widget-container\">\n\t\t\t\t\t\t\t\t\t\t\t\t\t\t\t<img fetchpriority=\"high\" decoding=\"async\" width=\"735\" height=\"1024\" src=\"https:\/\/i0.wp.com\/www.paolonani.com\/wp-content\/uploads\/2021\/10\/1-piccola-1.jpg?fit=735%2C1024&amp;ssl=1\" class=\"attachment-large size-large wp-image-670\" alt=\"\" srcset=\"https:\/\/i0.wp.com\/www.paolonani.com\/wp-content\/uploads\/2021\/10\/1-piccola-1.jpg?w=1557&amp;ssl=1 1557w, https:\/\/i0.wp.com\/www.paolonani.com\/wp-content\/uploads\/2021\/10\/1-piccola-1.jpg?resize=215%2C300&amp;ssl=1 215w, https:\/\/i0.wp.com\/www.paolonani.com\/wp-content\/uploads\/2021\/10\/1-piccola-1.jpg?resize=735%2C1024&amp;ssl=1 735w, https:\/\/i0.wp.com\/www.paolonani.com\/wp-content\/uploads\/2021\/10\/1-piccola-1.jpg?resize=768%2C1070&amp;ssl=1 768w, https:\/\/i0.wp.com\/www.paolonani.com\/wp-content\/uploads\/2021\/10\/1-piccola-1.jpg?resize=1103%2C1536&amp;ssl=1 1103w, https:\/\/i0.wp.com\/www.paolonani.com\/wp-content\/uploads\/2021\/10\/1-piccola-1.jpg?resize=1470%2C2048&amp;ssl=1 1470w\" sizes=\"(max-width: 735px) 100vw, 735px\" \/>\t\t\t\t\t\t\t\t\t\t\t\t\t\t\t<\/div>\n\t\t\t\t<\/div>\n\t\t\t\t\t<\/div>\n\t\t<\/div>\n\t\t\t\t\t<\/div>\n\t\t<\/section>\n\t\t\t\t<section class=\"elementor-section elementor-top-section elementor-element elementor-element-4b0716d elementor-section-boxed elementor-section-height-default elementor-section-height-default\" data-id=\"4b0716d\" data-element_type=\"section\" data-e-type=\"section\" data-settings=\"{&quot;background_background&quot;:&quot;classic&quot;}\">\n\t\t\t\t\t\t<div class=\"elementor-container elementor-column-gap-default\">\n\t\t\t\t\t<div class=\"elementor-column elementor-col-50 elementor-top-column elementor-element elementor-element-5232518\" data-id=\"5232518\" data-element_type=\"column\" data-e-type=\"column\">\n\t\t\t<div class=\"elementor-widget-wrap elementor-element-populated\">\n\t\t\t\t\t\t<div class=\"elementor-element elementor-element-6facf7c elementor-widget elementor-widget-image\" data-id=\"6facf7c\" data-element_type=\"widget\" data-e-type=\"widget\" data-widget_type=\"image.default\">\n\t\t\t\t<div class=\"elementor-widget-container\">\n\t\t\t\t\t\t\t\t\t\t\t\t\t\t\t<img decoding=\"async\" width=\"690\" height=\"1024\" src=\"https:\/\/i0.wp.com\/www.paolonani.com\/wp-content\/uploads\/2021\/10\/0-piccola-1-scaled.jpg?fit=690%2C1024&amp;ssl=1\" class=\"attachment-large size-large wp-image-669\" alt=\"\" srcset=\"https:\/\/i0.wp.com\/www.paolonani.com\/wp-content\/uploads\/2021\/10\/0-piccola-1-scaled.jpg?w=1724&amp;ssl=1 1724w, https:\/\/i0.wp.com\/www.paolonani.com\/wp-content\/uploads\/2021\/10\/0-piccola-1-scaled.jpg?resize=202%2C300&amp;ssl=1 202w, https:\/\/i0.wp.com\/www.paolonani.com\/wp-content\/uploads\/2021\/10\/0-piccola-1-scaled.jpg?resize=690%2C1024&amp;ssl=1 690w, https:\/\/i0.wp.com\/www.paolonani.com\/wp-content\/uploads\/2021\/10\/0-piccola-1-scaled.jpg?resize=768%2C1141&amp;ssl=1 768w, https:\/\/i0.wp.com\/www.paolonani.com\/wp-content\/uploads\/2021\/10\/0-piccola-1-scaled.jpg?resize=1034%2C1536&amp;ssl=1 1034w, https:\/\/i0.wp.com\/www.paolonani.com\/wp-content\/uploads\/2021\/10\/0-piccola-1-scaled.jpg?w=1600&amp;ssl=1 1600w\" sizes=\"(max-width: 690px) 100vw, 690px\" \/>\t\t\t\t\t\t\t\t\t\t\t\t\t\t\t<\/div>\n\t\t\t\t<\/div>\n\t\t\t\t<section class=\"elementor-section elementor-inner-section elementor-element elementor-element-b4e9493 elementor-section-boxed elementor-section-height-default elementor-section-height-default\" data-id=\"b4e9493\" data-element_type=\"section\" data-e-type=\"section\">\n\t\t\t\t\t\t<div class=\"elementor-container elementor-column-gap-default\">\n\t\t\t\t\t<div class=\"elementor-column elementor-col-100 elementor-inner-column elementor-element elementor-element-acec6a3\" data-id=\"acec6a3\" data-element_type=\"column\" data-e-type=\"column\">\n\t\t\t<div class=\"elementor-widget-wrap elementor-element-populated\">\n\t\t\t\t\t\t<div class=\"elementor-element elementor-element-5edcc2a elementor-align-center elementor-widget elementor-widget-button\" data-id=\"5edcc2a\" data-element_type=\"widget\" data-e-type=\"widget\" data-widget_type=\"button.default\">\n\t\t\t\t<div class=\"elementor-widget-container\">\n\t\t\t\t\t\t\t\t\t<div class=\"elementor-button-wrapper\">\n\t\t\t\t\t<a class=\"elementor-button elementor-button-link elementor-size-sm elementor-animation-grow\" href=\"https:\/\/vimeo.com\/150589538\">\n\t\t\t\t\t\t<span class=\"elementor-button-content-wrapper\">\n\t\t\t\t\t\t\t\t\t<span class=\"elementor-button-text\">SE TRAILEREN<\/span>\n\t\t\t\t\t<\/span>\n\t\t\t\t\t<\/a>\n\t\t\t\t<\/div>\n\t\t\t\t\t\t\t\t<\/div>\n\t\t\t\t<\/div>\n\t\t\t\t\t<\/div>\n\t\t<\/div>\n\t\t\t\t\t<\/div>\n\t\t<\/section>\n\t\t\t\t\t<\/div>\n\t\t<\/div>\n\t\t\t\t<div class=\"elementor-column elementor-col-50 elementor-top-column elementor-element elementor-element-e36f591\" data-id=\"e36f591\" data-element_type=\"column\" data-e-type=\"column\">\n\t\t\t<div class=\"elementor-widget-wrap elementor-element-populated\">\n\t\t\t\t\t\t<div class=\"elementor-element elementor-element-10b2a9e elementor-widget elementor-widget-text-editor\" data-id=\"10b2a9e\" data-element_type=\"widget\" data-e-type=\"widget\" data-widget_type=\"text-editor.default\">\n\t\t\t\t<div class=\"elementor-widget-container\">\n\t\t\t\t\t\t\t\t\t<p>Jekyll On Ice er en ordl\u00f8s teaterforestilling, baseret p\u00e5 enkle, med effektfulde visuelleog akustiske virkemidler.<\/p><p><span class=\"Apple-converted-space\">\u00a0<\/span>Ved hj\u00e6lp af slapstick, k\u00e6mpe balloner og en charmerende isvogn, fyldt med den l\u00e6kreste is, samt andre finurlige rekvisitter, s\u00e6tter Paolo Nani sine mange \u00e5rs erfaring som skuespiller p\u00e5 pr\u00f8ve i en tempofyldt, musikalsk og interaktiv forestilling for hele familien.<\/p><p>Lavet med st\u00f8tte fra Det Danske Teaterr\u00e5d<\/p>\t\t\t\t\t\t\t\t<\/div>\n\t\t\t\t<\/div>\n\t\t\t\t<section class=\"elementor-section elementor-inner-section elementor-element elementor-element-21e5f90 elementor-section-boxed elementor-section-height-default elementor-section-height-default\" data-id=\"21e5f90\" data-element_type=\"section\" data-e-type=\"section\">\n\t\t\t\t\t\t<div class=\"elementor-container elementor-column-gap-default\">\n\t\t\t\t\t<div class=\"elementor-column elementor-col-100 elementor-inner-column elementor-element elementor-element-22c36a1\" data-id=\"22c36a1\" data-element_type=\"column\" data-e-type=\"column\">\n\t\t\t<div class=\"elementor-widget-wrap elementor-element-populated\">\n\t\t\t\t\t\t<div class=\"elementor-element elementor-element-9df6105 elementor-widget elementor-widget-image\" data-id=\"9df6105\" data-element_type=\"widget\" data-e-type=\"widget\" data-widget_type=\"image.default\">\n\t\t\t\t<div class=\"elementor-widget-container\">\n\t\t\t\t\t\t\t\t\t\t\t\t\t\t\t<img decoding=\"async\" width=\"600\" height=\"202\" src=\"https:\/\/i0.wp.com\/www.paolonani.com\/wp-content\/uploads\/2021\/12\/WhatsApp-Image-2021-11-26-at-17.43.02.jpeg?fit=600%2C202&amp;ssl=1\" class=\"attachment-large size-large wp-image-1880\" alt=\"\" srcset=\"https:\/\/i0.wp.com\/www.paolonani.com\/wp-content\/uploads\/2021\/12\/WhatsApp-Image-2021-11-26-at-17.43.02.jpeg?w=600&amp;ssl=1 600w, https:\/\/i0.wp.com\/www.paolonani.com\/wp-content\/uploads\/2021\/12\/WhatsApp-Image-2021-11-26-at-17.43.02.jpeg?resize=300%2C101&amp;ssl=1 300w\" sizes=\"(max-width: 600px) 100vw, 600px\" \/>\t\t\t\t\t\t\t\t\t\t\t\t\t\t\t<\/div>\n\t\t\t\t<\/div>\n\t\t\t\t\t<\/div>\n\t\t<\/div>\n\t\t\t\t\t<\/div>\n\t\t<\/section>\n\t\t\t\t\t<\/div>\n\t\t<\/div>\n\t\t\t\t\t<\/div>\n\t\t<\/section>\n\t\t\t\t<\/div>","protected":false},"excerpt":{"rendered":"<p>JEKYLL ON ICE Actor: Paolo Nani Dramaturgy: Paolo Nani, Frede Guldbrandsen, Valentino Dragano Directors: Frede Guldbrandsen &amp; Valentino Dragano Assistant: Line Svendsen Set Design &amp; Costums: Julie Forchhammer Building &amp; Special Effects: Peter Kapabel Technic: Per Aaagard Production Manager: Helle M\u00f8rch A crazy version of Dr. Jekyll &amp; Mr. Hyde The round, funny, lovable figure, [&hellip;]<\/p>\n","protected":false},"author":1,"featured_media":0,"parent":0,"menu_order":0,"comment_status":"closed","ping_status":"closed","template":"","meta":{"nf_dc_page":"","om_disable_all_campaigns":false,"_monsterinsights_skip_tracking":false,"_monsterinsights_sitenote_active":false,"_monsterinsights_sitenote_note":"","_monsterinsights_sitenote_category":0,"footnotes":""},"class_list":["post-1878","page","type-page","status-publish","hentry"],"jetpack_sharing_enabled":true,"_links":{"self":[{"href":"https:\/\/www.paolonani.com\/da\/wp-json\/wp\/v2\/pages\/1878","targetHints":{"allow":["GET"]}}],"collection":[{"href":"https:\/\/www.paolonani.com\/da\/wp-json\/wp\/v2\/pages"}],"about":[{"href":"https:\/\/www.paolonani.com\/da\/wp-json\/wp\/v2\/types\/page"}],"author":[{"embeddable":true,"href":"https:\/\/www.paolonani.com\/da\/wp-json\/wp\/v2\/users\/1"}],"replies":[{"embeddable":true,"href":"https:\/\/www.paolonani.com\/da\/wp-json\/wp\/v2\/comments?post=1878"}],"version-history":[{"count":5,"href":"https:\/\/www.paolonani.com\/da\/wp-json\/wp\/v2\/pages\/1878\/revisions"}],"predecessor-version":[{"id":3546,"href":"https:\/\/www.paolonani.com\/da\/wp-json\/wp\/v2\/pages\/1878\/revisions\/3546"}],"wp:attachment":[{"href":"https:\/\/www.paolonani.com\/da\/wp-json\/wp\/v2\/media?parent=1878"}],"curies":[{"name":"wp","href":"https:\/\/api.w.org\/{rel}","templated":true}]}}